{"id":7124,"date":"2024-12-31T20:13:47","date_gmt":"2024-12-31T20:13:47","guid":{"rendered":"https:\/\/storetest.ivi.ee\/product\/nozzle-15f-star-closed\/"},"modified":"2025-11-29T16:54:36","modified_gmt":"2025-11-29T14:54:36","slug":"sprausla-15f-zvaigzne-aizverta","status":"publish","type":"product","link":"https:\/\/candeebaar.ee\/lv\/veikals\/sprausla-15f-zvaigzne-aizverta\/","title":{"rendered":"Sprausla 15F zvaigzne aizv\u0113rta"},"content":{"rendered":"<p>Cauru\u013cvada uzgalis no ner\u016bs\u0113jo\u0161\u0101 t\u0113rauda (15 tapas).<br \/>\nIzm\u0113rs: 45x30mm<br \/>\nIzeja: 15 mm<\/p>","protected":false},"excerpt":{"rendered":"<p>Cauru\u013cvada uzgalis no ner\u016bs\u0113jo\u0161\u0101 t\u0113rauda (15 tapas). Izm\u0113rs: 45x30mm Izeja: 15mm<\/p>","protected":false},"featured_media":7126,"template":"","meta":{"_seopress_robots_primary_cat":"","_seopress_titles_title":"","_seopress_titles_desc":"","_seopress_robots_index":""},"product_brand":[],"product_cat":[15,119],"product_tag":[],"class_list":{"0":"post-7124","1":"product","2":"type-product","3":"status-publish","4":"has-post-thumbnail","6":"product_cat-all-products","7":"product_cat-closed-star","9":"first","10":"instock","11":"taxable","12":"shipping-taxable","13":"purchasable","14":"product-type-simple"},"_links":{"self":[{"href":"https:\/\/candeebaar.ee\/lv\/wp-json\/wp\/v2\/product\/7124","targetHints":{"allow":["GET"]}}],"collection":[{"href":"https:\/\/candeebaar.ee\/lv\/wp-json\/wp\/v2\/product"}],"about":[{"href":"https:\/\/candeebaar.ee\/lv\/wp-json\/wp\/v2\/types\/product"}],"version-history":[{"count":1,"href":"https:\/\/candeebaar.ee\/lv\/wp-json\/wp\/v2\/product\/7124\/revisions"}],"predecessor-version":[{"id":7125,"href":"https:\/\/candeebaar.ee\/lv\/wp-json\/wp\/v2\/product\/7124\/revisions\/7125"}],"wp:featuredmedia":[{"embeddable":true,"href":"https:\/\/candeebaar.ee\/lv\/wp-json\/wp\/v2\/media\/7126"}],"wp:attachment":[{"href":"https:\/\/candeebaar.ee\/lv\/wp-json\/wp\/v2\/media?parent=7124"}],"wp:term":[{"taxonomy":"product_brand","embeddable":true,"href":"https:\/\/candeebaar.ee\/lv\/wp-json\/wp\/v2\/product_brand?post=7124"},{"taxonomy":"product_cat","embeddable":true,"href":"https:\/\/candeebaar.ee\/lv\/wp-json\/wp\/v2\/product_cat?post=7124"},{"taxonomy":"product_tag","embeddable":true,"href":"https:\/\/candeebaar.ee\/lv\/wp-json\/wp\/v2\/product_tag?post=7124"}],"curies":[{"name":"wp","href":"https:\/\/api.w.org\/{rel}","templated":true}]}}