{"id":7136,"date":"2024-12-31T20:13:47","date_gmt":"2024-12-31T20:13:47","guid":{"rendered":"https:\/\/storetest.ivi.ee\/product\/flower-nozzle-2cm-a2\/"},"modified":"2026-03-09T17:20:57","modified_gmt":"2026-03-09T15:20:57","slug":"ziedu-uzgalis-2cm-a2","status":"publish","type":"product","link":"https:\/\/candeebaar.ee\/lv\/veikals\/ziedu-uzgalis-2cm-a2\/","title":{"rendered":"Ziedu uzgalis 2cm (a2)"},"content":{"rendered":"<p>Konditorejas uzgalis izgatavots no ner\u016bs\u0113jo\u0161\u0101 t\u0113rauda.<br \/>\n Izm\u0113rs: 42x37mm<\/p>","protected":false},"excerpt":{"rendered":"<p>Konditorejas uzgalis izgatavots no ner\u016bs\u0113jo\u0161\u0101 t\u0113rauda. Izm\u0113rs: 42x37mm<\/p>","protected":false},"featured_media":7130,"template":"","meta":{"_seopress_robots_primary_cat":"","_seopress_titles_title":"","_seopress_titles_desc":"","_seopress_robots_index":""},"product_brand":[],"product_cat":[15,122,109],"product_tag":[],"class_list":{"0":"post-7136","1":"product","2":"type-product","3":"status-publish","4":"has-post-thumbnail","6":"product_cat-all-products","7":"product_cat-miscellaneous","8":"product_cat-sale","10":"first","11":"instock","12":"sale","13":"taxable","14":"shipping-taxable","15":"purchasable","16":"product-type-simple"},"_links":{"self":[{"href":"https:\/\/candeebaar.ee\/lv\/wp-json\/wp\/v2\/product\/7136","targetHints":{"allow":["GET"]}}],"collection":[{"href":"https:\/\/candeebaar.ee\/lv\/wp-json\/wp\/v2\/product"}],"about":[{"href":"https:\/\/candeebaar.ee\/lv\/wp-json\/wp\/v2\/types\/product"}],"version-history":[{"count":1,"href":"https:\/\/candeebaar.ee\/lv\/wp-json\/wp\/v2\/product\/7136\/revisions"}],"predecessor-version":[{"id":7137,"href":"https:\/\/candeebaar.ee\/lv\/wp-json\/wp\/v2\/product\/7136\/revisions\/7137"}],"wp:featuredmedia":[{"embeddable":true,"href":"https:\/\/candeebaar.ee\/lv\/wp-json\/wp\/v2\/media\/7130"}],"wp:attachment":[{"href":"https:\/\/candeebaar.ee\/lv\/wp-json\/wp\/v2\/media?parent=7136"}],"wp:term":[{"taxonomy":"product_brand","embeddable":true,"href":"https:\/\/candeebaar.ee\/lv\/wp-json\/wp\/v2\/product_brand?post=7136"},{"taxonomy":"product_cat","embeddable":true,"href":"https:\/\/candeebaar.ee\/lv\/wp-json\/wp\/v2\/product_cat?post=7136"},{"taxonomy":"product_tag","embeddable":true,"href":"https:\/\/candeebaar.ee\/lv\/wp-json\/wp\/v2\/product_tag?post=7136"}],"curies":[{"name":"wp","href":"https:\/\/api.w.org\/{rel}","templated":true}]}}