{"id":7148,"date":"2024-12-31T20:13:56","date_gmt":"2024-12-31T20:13:56","guid":{"rendered":"https:\/\/storetest.ivi.ee\/product\/pizza-box-250-250-40mm\/"},"modified":"2026-02-09T22:09:09","modified_gmt":"2026-02-09T20:09:09","slug":"picas-kaste-250-250-40mm","status":"publish","type":"product","link":"https:\/\/candeebaar.ee\/lv\/veikals\/picas-kaste-250-250-40mm\/","title":{"rendered":"Picas kaste 250 250 40mm"},"content":{"rendered":"<p>Standarta picas kaste<br \/>\nMateri\u0101ls: gofr\u0113ts kartons<br \/>\nIzm\u0113rs: 250*250*40mm<\/p>","protected":false},"excerpt":{"rendered":"<p>Standarta picas kaste Materi\u0101ls: gofr\u0113ts kartons Izm\u0113rs: 250*250*40mm<\/p>","protected":false},"featured_media":7150,"template":"","meta":{"_seopress_robots_primary_cat":"none","_seopress_titles_title":"","_seopress_titles_desc":"","_seopress_robots_index":""},"product_brand":[],"product_cat":[15,131,154,156],"product_tag":[],"class_list":{"0":"post-7148","1":"product","2":"type-product","3":"status-publish","4":"has-post-thumbnail","6":"product_cat-all-products","7":"product_cat-25cm-base","8":"product_cat-different-style","9":"product_cat-low-boxes","11":"first","12":"outofstock","13":"taxable","14":"shipping-taxable","15":"purchasable","16":"product-type-simple"},"_links":{"self":[{"href":"https:\/\/candeebaar.ee\/lv\/wp-json\/wp\/v2\/product\/7148","targetHints":{"allow":["GET"]}}],"collection":[{"href":"https:\/\/candeebaar.ee\/lv\/wp-json\/wp\/v2\/product"}],"about":[{"href":"https:\/\/candeebaar.ee\/lv\/wp-json\/wp\/v2\/types\/product"}],"version-history":[{"count":1,"href":"https:\/\/candeebaar.ee\/lv\/wp-json\/wp\/v2\/product\/7148\/revisions"}],"predecessor-version":[{"id":7149,"href":"https:\/\/candeebaar.ee\/lv\/wp-json\/wp\/v2\/product\/7148\/revisions\/7149"}],"wp:featuredmedia":[{"embeddable":true,"href":"https:\/\/candeebaar.ee\/lv\/wp-json\/wp\/v2\/media\/7150"}],"wp:attachment":[{"href":"https:\/\/candeebaar.ee\/lv\/wp-json\/wp\/v2\/media?parent=7148"}],"wp:term":[{"taxonomy":"product_brand","embeddable":true,"href":"https:\/\/candeebaar.ee\/lv\/wp-json\/wp\/v2\/product_brand?post=7148"},{"taxonomy":"product_cat","embeddable":true,"href":"https:\/\/candeebaar.ee\/lv\/wp-json\/wp\/v2\/product_cat?post=7148"},{"taxonomy":"product_tag","embeddable":true,"href":"https:\/\/candeebaar.ee\/lv\/wp-json\/wp\/v2\/product_tag?post=7148"}],"curies":[{"name":"wp","href":"https:\/\/api.w.org\/{rel}","templated":true}]}}