{"id":7175,"date":"2024-12-31T20:13:56","date_gmt":"2024-12-31T20:13:56","guid":{"rendered":"https:\/\/storetest.ivi.ee\/product\/gelatinous-dye-porcelain-30g-fractal-colors\/"},"modified":"2026-03-30T08:34:10","modified_gmt":"2026-03-30T06:34:10","slug":"zelejveida-porcelana-krasviela-30g-fraktalu-krasas","status":"publish","type":"product","link":"https:\/\/candeebaar.ee\/lv\/veikals\/zelejveida-porcelana-krasviela-30g-fraktalu-krasas\/","title":{"rendered":"G\u0113la kr\u0101sa porcel\u0101nam 30g Fractal Colors"},"content":{"rendered":"<p>P\u0101rtikas \u017eelat\u012bna \u016bden\u012b \u0161\u0137\u012bsto\u0161a kr\u0101sviela.<br \/>\nSast\u0101vs: glicer\u012bns, E1520 (propil\u0113nglikols), (kr\u0101svielas) E104, E110, E129.<br \/>\nKr\u0101sa: maigi dzeltena<br \/>\nMasa: 30g<br \/>\nUzglab\u0101t tum\u0161\u0101, v\u0113s\u0101 viet\u0101.<br \/>\nVar negat\u012bvi ietekm\u0113t b\u0113rnu aktivit\u0101ti un uzman\u012bbu.<br \/>\nRa\u017eot\u0101js: Fractal Colors, Ung\u0101rija<\/p>","protected":false},"excerpt":{"rendered":"<p>P\u0101rtikas kvalit\u0101tes \u017eelejveida \u016bden\u012b \u0161\u0137\u012bsto\u0161a kr\u0101sviela. Sast\u0101vs: glicer\u012bns, E1520 (propil\u0113nglikols), (kr\u0101svielas) E104, E110, E129. Kr\u0101sa: gai\u0161i dzeltena. Masa: 30 g. Uzglab\u0101t tum\u0161\u0101, v\u0113s\u0101 viet\u0101. Var negat\u012bvi ietekm\u0113t b\u0113rnu aktivit\u0101ti un uzman\u012bbu. Ra\u017eot\u0101js: Fractal Colors, Ung\u0101rija.<\/p>","protected":false},"featured_media":7163,"template":"","meta":{"_seopress_robots_primary_cat":"","_seopress_titles_title":"","_seopress_titles_desc":"","_seopress_robots_index":""},"product_brand":[],"product_cat":[15,114],"product_tag":[],"class_list":{"0":"post-7175","1":"product","2":"type-product","3":"status-publish","4":"has-post-thumbnail","6":"product_cat-all-products","7":"product_cat-gel-water-soluble","9":"first","10":"instock","11":"taxable","12":"shipping-taxable","13":"purchasable","14":"product-type-simple"},"_links":{"self":[{"href":"https:\/\/candeebaar.ee\/lv\/wp-json\/wp\/v2\/product\/7175","targetHints":{"allow":["GET"]}}],"collection":[{"href":"https:\/\/candeebaar.ee\/lv\/wp-json\/wp\/v2\/product"}],"about":[{"href":"https:\/\/candeebaar.ee\/lv\/wp-json\/wp\/v2\/types\/product"}],"version-history":[{"count":2,"href":"https:\/\/candeebaar.ee\/lv\/wp-json\/wp\/v2\/product\/7175\/revisions"}],"predecessor-version":[{"id":9183,"href":"https:\/\/candeebaar.ee\/lv\/wp-json\/wp\/v2\/product\/7175\/revisions\/9183"}],"wp:featuredmedia":[{"embeddable":true,"href":"https:\/\/candeebaar.ee\/lv\/wp-json\/wp\/v2\/media\/7163"}],"wp:attachment":[{"href":"https:\/\/candeebaar.ee\/lv\/wp-json\/wp\/v2\/media?parent=7175"}],"wp:term":[{"taxonomy":"product_brand","embeddable":true,"href":"https:\/\/candeebaar.ee\/lv\/wp-json\/wp\/v2\/product_brand?post=7175"},{"taxonomy":"product_cat","embeddable":true,"href":"https:\/\/candeebaar.ee\/lv\/wp-json\/wp\/v2\/product_cat?post=7175"},{"taxonomy":"product_tag","embeddable":true,"href":"https:\/\/candeebaar.ee\/lv\/wp-json\/wp\/v2\/product_tag?post=7175"}],"curies":[{"name":"wp","href":"https:\/\/api.w.org\/{rel}","templated":true}]}}