{"id":7193,"date":"2024-12-31T20:13:56","date_gmt":"2024-12-31T20:13:56","guid":{"rendered":"https:\/\/storetest.ivi.ee\/product\/green-mastic-royal-steensma-250g\/"},"modified":"2025-01-02T10:53:37","modified_gmt":"2025-01-02T10:53:37","slug":"zala-mastika-royal-steensma-250g","status":"publish","type":"product","link":"https:\/\/candeebaar.ee\/lv\/veikals\/zala-mastika-royal-steensma-250g\/","title":{"rendered":"Za\u013c\u0101 mastika Royal Steensma 250g"},"content":{"rendered":"<p>Cukura mastika fig\u016bru model\u0113\u0161anai un desertu p\u0101rkl\u0101\u0161anai.<br \/>\nSast\u0101vs: cukurs, ciete, glikozes s\u012brups, augu e\u013c\u013ca (palmu), \u016bdens, E133, dekstroze, E422, E472c, E473, E415, E270, E202, aromatiz\u0113t\u0101js.<br \/>\nKr\u0101sa: za\u013ca<br \/>\nMasa: 250 g<br \/>\nSast\u0101vs uz 100 g:<br \/>\nUzturv\u0113rt\u012bba: 1725 kJ 409 kcal<br \/>\nTauki (pies\u0101tin\u0101tie): 9,3 g (8,3 g)<br \/>\nOg\u013chidr\u0101ti (cukuri): 80 g (60 g)<br \/>\nOlbaltumvielas: 0g<br \/>\nS\u0101ls: 0,03 g<br \/>\nVar satur\u0113t <strong>piens, rieksti, soja<\/strong>.<br \/>\nUzglab\u0101t herm\u0113tisk\u0101 iepakojum\u0101 saus\u0101, tum\u0161\u0101 viet\u0101 temperat\u016br\u0101 no +8\u00b0C l\u012bdz +25\u00b0C<br \/>\nRa\u017eot\u0101js: Royal Steensmaa, N\u012bderlande<\/p>","protected":false},"excerpt":{"rendered":"<p>Sugar mastic for modeling figures and covering desserts. Composition: Sugar, starch, glucose syrup, vegetable oil (palm), water, E133, dextrose, E422, E472c, E473, E415, E270, E202, flavoring agent. Color: green Mass: 250g Content per 100g: Nutritional value: 1725 kJ 409 kcal Fats (saturated): 9.3g (8.3g) Carbohydrates (sugars): 80g (60g) Proteins: 0g Salt: 0.03g May contain milk, [&hellip;]<\/p>","protected":false},"featured_media":7195,"template":"","meta":{"_seopress_robots_primary_cat":"","_seopress_titles_title":"","_seopress_titles_desc":"","_seopress_robots_index":""},"product_brand":[],"product_cat":[15,104,102],"product_tag":[],"class_list":{"0":"post-7193","1":"product","2":"type-product","3":"status-publish","4":"has-post-thumbnail","6":"product_cat-all-products","7":"product_cat-sprinkles","8":"product_cat-sugars","10":"first","11":"outofstock","12":"sale","13":"taxable","14":"shipping-taxable","15":"purchasable","16":"product-type-simple"},"_links":{"self":[{"href":"https:\/\/candeebaar.ee\/lv\/wp-json\/wp\/v2\/product\/7193","targetHints":{"allow":["GET"]}}],"collection":[{"href":"https:\/\/candeebaar.ee\/lv\/wp-json\/wp\/v2\/product"}],"about":[{"href":"https:\/\/candeebaar.ee\/lv\/wp-json\/wp\/v2\/types\/product"}],"version-history":[{"count":1,"href":"https:\/\/candeebaar.ee\/lv\/wp-json\/wp\/v2\/product\/7193\/revisions"}],"predecessor-version":[{"id":7194,"href":"https:\/\/candeebaar.ee\/lv\/wp-json\/wp\/v2\/product\/7193\/revisions\/7194"}],"wp:featuredmedia":[{"embeddable":true,"href":"https:\/\/candeebaar.ee\/lv\/wp-json\/wp\/v2\/media\/7195"}],"wp:attachment":[{"href":"https:\/\/candeebaar.ee\/lv\/wp-json\/wp\/v2\/media?parent=7193"}],"wp:term":[{"taxonomy":"product_brand","embeddable":true,"href":"https:\/\/candeebaar.ee\/lv\/wp-json\/wp\/v2\/product_brand?post=7193"},{"taxonomy":"product_cat","embeddable":true,"href":"https:\/\/candeebaar.ee\/lv\/wp-json\/wp\/v2\/product_cat?post=7193"},{"taxonomy":"product_tag","embeddable":true,"href":"https:\/\/candeebaar.ee\/lv\/wp-json\/wp\/v2\/product_tag?post=7193"}],"curies":[{"name":"wp","href":"https:\/\/api.w.org\/{rel}","templated":true}]}}