{"id":7199,"date":"2024-12-31T20:14:02","date_gmt":"2024-12-31T20:14:02","guid":{"rendered":"https:\/\/storetest.ivi.ee\/product\/dried-orange-flower-petals-20g\/"},"modified":"2025-01-02T10:49:59","modified_gmt":"2025-01-02T10:49:59","slug":"zavetas-apelsinu-ziedu-ziedlapinas-20-g","status":"publish","type":"product","link":"https:\/\/candeebaar.ee\/lv\/veikals\/zavetas-apelsinu-ziedu-ziedlapinas-20-g\/","title":{"rendered":"\u017d\u0101v\u0113tas apels\u012bnu ziedu ziedlapi\u0146as 20 g"},"content":{"rendered":"<p>\u017d\u0101v\u0113tas ziedu ziedlapi\u0146as k\u016bku un citu konditorejas izstr\u0101d\u0101jumu dekor\u0113\u0161anai.<br \/>\nSast\u0101vs: oran\u017es<br \/>\nIzcelsme: Ir\u0101na<br \/>\nMasa: 20g<\/p>","protected":false},"excerpt":{"rendered":"<p>\u017d\u0101v\u0113tas ziedu ziedlapi\u0146as k\u016bku un citu konditorejas izstr\u0101d\u0101jumu dekor\u0113\u0161anai. Sast\u0101vs: oran\u017ea Izcelsmes valsts: Ir\u0101na Masa: 20 g<\/p>","protected":false},"featured_media":7201,"template":"","meta":{"_seopress_robots_primary_cat":"","_seopress_titles_title":"","_seopress_titles_desc":"","_seopress_robots_index":""},"product_brand":[],"product_cat":[15,98],"product_tag":[],"class_list":{"0":"post-7199","1":"product","2":"type-product","3":"status-publish","4":"has-post-thumbnail","6":"product_cat-all-products","7":"product_cat-dry-and-sublimated-products","9":"first","10":"outofstock","11":"taxable","12":"shipping-taxable","13":"purchasable","14":"product-type-simple"},"_links":{"self":[{"href":"https:\/\/candeebaar.ee\/lv\/wp-json\/wp\/v2\/product\/7199","targetHints":{"allow":["GET"]}}],"collection":[{"href":"https:\/\/candeebaar.ee\/lv\/wp-json\/wp\/v2\/product"}],"about":[{"href":"https:\/\/candeebaar.ee\/lv\/wp-json\/wp\/v2\/types\/product"}],"version-history":[{"count":1,"href":"https:\/\/candeebaar.ee\/lv\/wp-json\/wp\/v2\/product\/7199\/revisions"}],"predecessor-version":[{"id":7200,"href":"https:\/\/candeebaar.ee\/lv\/wp-json\/wp\/v2\/product\/7199\/revisions\/7200"}],"wp:featuredmedia":[{"embeddable":true,"href":"https:\/\/candeebaar.ee\/lv\/wp-json\/wp\/v2\/media\/7201"}],"wp:attachment":[{"href":"https:\/\/candeebaar.ee\/lv\/wp-json\/wp\/v2\/media?parent=7199"}],"wp:term":[{"taxonomy":"product_brand","embeddable":true,"href":"https:\/\/candeebaar.ee\/lv\/wp-json\/wp\/v2\/product_brand?post=7199"},{"taxonomy":"product_cat","embeddable":true,"href":"https:\/\/candeebaar.ee\/lv\/wp-json\/wp\/v2\/product_cat?post=7199"},{"taxonomy":"product_tag","embeddable":true,"href":"https:\/\/candeebaar.ee\/lv\/wp-json\/wp\/v2\/product_tag?post=7199"}],"curies":[{"name":"wp","href":"https:\/\/api.w.org\/{rel}","templated":true}]}}