{"id":7206,"date":"2024-12-31T20:14:02","date_gmt":"2024-12-31T20:14:02","guid":{"rendered":"https:\/\/storetest.ivi.ee\/product\/gift-box-51\/"},"modified":"2025-12-19T13:26:57","modified_gmt":"2025-12-19T11:26:57","slug":"davanu-kastite-51","status":"publish","type":"product","link":"https:\/\/candeebaar.ee\/lv\/veikals\/davanu-kastite-51\/","title":{"rendered":"D\u0101vanu kast\u012bte 5+1"},"content":{"rendered":"<p>D\u0101vanu kast\u012bte komplektam 5+1.<br \/>\nIzgatavots no augstas kvalit\u0101tes bl\u012bva balta kartona.<br \/>\nV\u0101ks izgatavots no caursp\u012bd\u012bgas plastmasas, no ab\u0101m pus\u0113m p\u0101rkl\u0101ts ar aizsargpl\u0113vi.<br \/>\nIzm\u0113rs: 260*260*125mm<br \/>\nK\u016bkas caurumam ir 3 l\u012bme\u0146i: 60, 100, 140 mm<br \/>\nK\u0113ksa cauruma izm\u0113rs: 60 mm (standarta izm\u0113rs)<\/p>","protected":false},"excerpt":{"rendered":"<p>D\u0101vanu kast\u012bte komplektam 5+1. Izgatavots no augstas kvalit\u0101tes bl\u012bva balta kartona. V\u0101ks izgatavots no caursp\u012bd\u012bgas plastmasas, no ab\u0101m pus\u0113m p\u0101rkl\u0101ts ar aizsargpl\u0113vi. Izm\u0113rs: 260 * 260 * 125 mm K\u016bkas caurumam ir 3 l\u012bme\u0146i: 60, 100, 140 mm K\u0113ksa cauruma izm\u0113rs: 60 mm (standarta izm\u0113rs)<\/p>","protected":false},"featured_media":7205,"template":"","meta":{"_seopress_robots_primary_cat":"","_seopress_titles_title":"","_seopress_titles_desc":"","_seopress_robots_index":""},"product_brand":[],"product_cat":[15,129,152,93],"product_tag":[],"class_list":{"0":"post-7206","1":"product","2":"type-product","3":"status-publish","4":"has-post-thumbnail","6":"product_cat-all-products","7":"product_cat-small-and-bento-size","8":"product_cat-cupcakes","9":"product_cat-gift-packaging","11":"first","12":"instock","13":"taxable","14":"shipping-taxable","15":"purchasable","16":"product-type-simple"},"_links":{"self":[{"href":"https:\/\/candeebaar.ee\/lv\/wp-json\/wp\/v2\/product\/7206","targetHints":{"allow":["GET"]}}],"collection":[{"href":"https:\/\/candeebaar.ee\/lv\/wp-json\/wp\/v2\/product"}],"about":[{"href":"https:\/\/candeebaar.ee\/lv\/wp-json\/wp\/v2\/types\/product"}],"version-history":[{"count":1,"href":"https:\/\/candeebaar.ee\/lv\/wp-json\/wp\/v2\/product\/7206\/revisions"}],"predecessor-version":[{"id":7207,"href":"https:\/\/candeebaar.ee\/lv\/wp-json\/wp\/v2\/product\/7206\/revisions\/7207"}],"wp:featuredmedia":[{"embeddable":true,"href":"https:\/\/candeebaar.ee\/lv\/wp-json\/wp\/v2\/media\/7205"}],"wp:attachment":[{"href":"https:\/\/candeebaar.ee\/lv\/wp-json\/wp\/v2\/media?parent=7206"}],"wp:term":[{"taxonomy":"product_brand","embeddable":true,"href":"https:\/\/candeebaar.ee\/lv\/wp-json\/wp\/v2\/product_brand?post=7206"},{"taxonomy":"product_cat","embeddable":true,"href":"https:\/\/candeebaar.ee\/lv\/wp-json\/wp\/v2\/product_cat?post=7206"},{"taxonomy":"product_tag","embeddable":true,"href":"https:\/\/candeebaar.ee\/lv\/wp-json\/wp\/v2\/product_tag?post=7206"}],"curies":[{"name":"wp","href":"https:\/\/api.w.org\/{rel}","templated":true}]}}