{"id":7210,"date":"2024-12-31T20:14:02","date_gmt":"2024-12-31T20:14:02","guid":{"rendered":"https:\/\/storetest.ivi.ee\/product\/edible-paper-a4-1-sheet-decoroyal-icing-sheets\/"},"modified":"2026-04-11T11:13:41","modified_gmt":"2026-04-11T09:13:41","slug":"edamais-papirs-a4-1-loksne-dekorativas-glazuras-loksnes","status":"publish","type":"product","link":"https:\/\/candeebaar.ee\/lv\/veikals\/edamais-papirs-a4-1-loksne-dekorativas-glazuras-loksnes\/","title":{"rendered":"P\u0101rtikas pap\u012brs A4 1 loksne DecoRoyal Icing Sheets"},"content":{"rendered":"<p>Baltais cukura \u0113damais pap\u012brs apdrukai un dekor\u0113\u0161anai. Nesatur tit\u0101na dioks\u012bdu!<br \/>\nSast\u0101vs: ciete, maltodekstr\u012bns, cukurs, E422, dekstroze, \u016bdens, kokosriekstu e\u013c\u013ca, E460i, E466, E414, E471, E492, E435, aromatiz\u0113t\u0101js, E330, E202.<br \/>\nSvars: 43g<br \/>\n100g satur:<br \/>\nEner\u0123ija: 1620kJ\/ 381kcal<br \/>\nTauki (pies\u0101tin\u0101tie): 0,1 g (&lt;0,1 g)<br \/>\nOg\u013chidr\u0101ti (cukurs): 95g (18g)<br \/>\nOlbaltumvielas: 0,1g<br \/>\nS\u0101ls: 0,23 g<br \/>\nLapas izm\u0113rs: A4<br \/>\nUzglab\u0101t herm\u0113tisk\u0101 iepakojum\u0101 tum\u0161\u0101, v\u0113s\u0101 viet\u0101.<br \/>\nRa\u017eot\u0101js: V\u0101cija Kopyform<\/p>","protected":false},"excerpt":{"rendered":"<p>Baltais cukura \u0113damais pap\u012brs apdrukai un dekor\u0113\u0161anai. Nesatur tit\u0101na dioks\u012bdu! Sast\u0101vs: ciete, maltodekstr\u012bns, cukurs, E422, dekstroze, \u016bdens, kokosriekstu e\u013c\u013ca, E460i, E466, E414, E471, E492, E435, aromatiz\u0113t\u0101js, E330, E202. Svars: 43g 100g satur: Ener\u0123ija: 1620kJ\/ 381kcal Tauki (pies\u0101tin\u0101tie): 0,1g (&lt;0,1g) Og\u013chidr\u0101ti (cukurs): 95g (18g) Olbaltumvielas: 0,1g S\u0101ls: 0,23g Loksnes izm\u0113rs: A4 Uzglab\u0101t [\u2026]<\/p>","protected":false},"featured_media":10515,"template":"","meta":{"_seopress_robots_primary_cat":"none","_seopress_titles_title":"","_seopress_titles_desc":"","_seopress_robots_index":""},"product_brand":[],"product_cat":[15,109,105],"product_tag":[],"class_list":{"0":"post-7210","1":"product","2":"type-product","3":"status-publish","4":"has-post-thumbnail","6":"product_cat-all-products","7":"product_cat-sale","8":"product_cat-edible-print","10":"first","11":"instock","12":"sale","13":"taxable","14":"shipping-taxable","15":"purchasable","16":"product-type-simple"},"_links":{"self":[{"href":"https:\/\/candeebaar.ee\/lv\/wp-json\/wp\/v2\/product\/7210","targetHints":{"allow":["GET"]}}],"collection":[{"href":"https:\/\/candeebaar.ee\/lv\/wp-json\/wp\/v2\/product"}],"about":[{"href":"https:\/\/candeebaar.ee\/lv\/wp-json\/wp\/v2\/types\/product"}],"version-history":[{"count":3,"href":"https:\/\/candeebaar.ee\/lv\/wp-json\/wp\/v2\/product\/7210\/revisions"}],"predecessor-version":[{"id":15091,"href":"https:\/\/candeebaar.ee\/lv\/wp-json\/wp\/v2\/product\/7210\/revisions\/15091"}],"wp:featuredmedia":[{"embeddable":true,"href":"https:\/\/candeebaar.ee\/lv\/wp-json\/wp\/v2\/media\/10515"}],"wp:attachment":[{"href":"https:\/\/candeebaar.ee\/lv\/wp-json\/wp\/v2\/media?parent=7210"}],"wp:term":[{"taxonomy":"product_brand","embeddable":true,"href":"https:\/\/candeebaar.ee\/lv\/wp-json\/wp\/v2\/product_brand?post=7210"},{"taxonomy":"product_cat","embeddable":true,"href":"https:\/\/candeebaar.ee\/lv\/wp-json\/wp\/v2\/product_cat?post=7210"},{"taxonomy":"product_tag","embeddable":true,"href":"https:\/\/candeebaar.ee\/lv\/wp-json\/wp\/v2\/product_tag?post=7210"}],"curies":[{"name":"wp","href":"https:\/\/api.w.org\/{rel}","templated":true}]}}