{"id":7212,"date":"2024-12-31T20:14:02","date_gmt":"2024-12-31T20:14:02","guid":{"rendered":"https:\/\/storetest.ivi.ee\/product\/printing-on-edible-a4-paper-decoroyal-icing-sheets\/"},"modified":"2026-02-16T11:17:46","modified_gmt":"2026-02-16T09:17:46","slug":"apdruka-uz-edamam-a4-papira-dekorativam-glazuras-loksnem","status":"publish","type":"product","link":"https:\/\/candeebaar.ee\/lv\/veikals\/apdruka-uz-edamam-a4-papira-dekorativam-glazuras-loksnem\/","title":{"rendered":"Druk\u0101\u0161ana uz \u0113dama A4 pap\u012bra DecoRoyal Icing Sheets"},"content":{"rendered":"<p>P\u0101rtikas apdruka uz p\u0101rtikas cukura pap\u012bra, izmantojot p\u0101rtikas tintes (E151, E110, E133, E122, E102, E404, E330, E202, E422).<br \/>\nJ\u016bs varat izveidot savus dekor\u0101cijas un toppers desertiem.<br \/>\nA4 form\u0101ts (210x297mm).<br \/>\nP\u0101rtikas apdrukas kr\u0101sa un pies\u0101tin\u0101jums var nedaudz at\u0161\u0137irties no klasisk\u0101s izmantoto materi\u0101lu ierobe\u017eojumu d\u0113\u013c. Lielos vienas kr\u0101sas laukumos var b\u016bt man\u0101mi izkrop\u013cojumi. Lai saglab\u0101tu elast\u012bbu, pap\u012brs j\u0101uzglab\u0101 nosl\u0113gt\u0101 iepakojum\u0101.<br \/>\n<strong>Svar\u012bgi:<\/strong><br \/>\nPras\u012bbas failam: m\u0113\u0123iniet izmantot <strong>augstas kvalit\u0101tes<\/strong> faili, <strong>PDF form\u0101t\u0101,<\/strong> citi form\u0101ti nav ieteicami.<br \/>\n<strong>Pap\u012bra malas<\/strong> (vertik\u0101l\u0101 st\u0101vokl\u012b s\u0101nos (10 mm), aug\u0161pus\u0113 (35 mm) un apak\u0161\u0101 (35 mm)) <strong>netiek druk\u0101ti<\/strong>, t\u0101p\u0113c lab\u0101k tos atst\u0101t tuk\u0161us (pret\u0113j\u0101 gad\u012bjum\u0101 att\u0113ls tiks nogriezts vai main\u012bts). M\u0113s neformat\u0113jam failus, nemain\u0101m tos un neuzglab\u0101jam p\u0113c lieto\u0161anas. Klients uz\u0146emas atbild\u012bbu par saturu. Banknotes netiek druk\u0101tas aparat\u016bras ierobe\u017eojumu d\u0113\u013c!<br \/>\nZ\u012bm\u0113jumi ar liel\u0101m meln\u0101m deta\u013c\u0101m nav v\u0113lami, jo tas var rad\u012bt defektus.<br \/>\nFaili j\u0101nos\u016bta uz <span style=\"font-family: 'arial black', sans-serif;\"><a href=\"mailto:candeebaar@gmail.com\">candeebaar@gmail.com<\/a> <span style=\"font-family: georgia, palatino, serif;\">ar pas\u016bt\u012bjuma numuru, kas nor\u0101d\u012bts temata rind\u0101.<\/span><\/span><\/p>\n<p>Balt\u0101 cukura p\u0101rtikas pap\u012brs apdrukai un dekor\u0113\u0161anai. Nesatur tit\u0101na dioks\u012bdu!<br \/>\nSast\u0101vs: ciete, maltodekstr\u012bns, cukurs, E422, dekstroze, \u016bdens, kokosriekstu e\u013c\u013ca, E460i, E466, E414, E471, E492, E435, aromatiz\u0113t\u0101js, E330, E202.<br \/>\nSvars: 43g<br \/>\n100g satur:<br \/>\nEner\u0123ija: 1620kJ\/ 381kcal<br \/>\nTauki (pies\u0101tin\u0101tie): 0,1 g (&lt;0,1 g)<br \/>\nOg\u013chidr\u0101ti (cukurs): 95g (18g)<br \/>\nOlbaltumvielas: 0,1g<br \/>\nS\u0101ls: 0,23 g<br \/>\nLapas izm\u0113rs: A4<br \/>\nUzglab\u0101t herm\u0113tisk\u0101 iepakojum\u0101 tum\u0161\u0101, v\u0113s\u0101 viet\u0101.<br \/>\nRa\u017eot\u0101js: V\u0101cija Kopyform<\/p>","protected":false},"excerpt":{"rendered":"<p>P\u0101rtikas apdruka uz p\u0101rtikas cukura pap\u012bra, izmantojot p\u0101rtikas tintes (E151, E110, E133, E122, E102, E404, E330, E202, E422). J\u016bs varat izveidot savus dekor\u0101cijas un toppers desertiem. A4 form\u0101ts (210x297mm). P\u0101rtikas apdrukas kr\u0101sa un pies\u0101tin\u0101jums var nedaudz at\u0161\u0137irties no klasisk\u0101s izmantoto materi\u0101lu ierobe\u017eojumu d\u0113\u013c. Lielas plat\u012bbas [\u2026]<\/p>","protected":false},"featured_media":10601,"template":"","meta":{"_seopress_robots_primary_cat":"none","_seopress_titles_title":"A4 edible printing. Sugar fondant paper with your design print!","_seopress_titles_desc":"Top quality edible printing from supplier. Choose any design and create beautiful desserts with minimum effort. Fast shipping in Estonia, Latvia, Finland and Lithuania!","_seopress_robots_index":""},"product_brand":[],"product_cat":[182,181,180,15,105],"product_tag":[],"class_list":{"0":"post-7212","1":"product","2":"type-product","3":"status-publish","4":"has-post-thumbnail","6":"product_cat-christmas","7":"product_cat-christmas-new-year","8":"product_cat-wedding-products","9":"product_cat-all-products","10":"product_cat-edible-print","12":"first","13":"instock","14":"taxable","15":"shipping-taxable","16":"purchasable","17":"product-type-simple"},"_links":{"self":[{"href":"https:\/\/candeebaar.ee\/lv\/wp-json\/wp\/v2\/product\/7212","targetHints":{"allow":["GET"]}}],"collection":[{"href":"https:\/\/candeebaar.ee\/lv\/wp-json\/wp\/v2\/product"}],"about":[{"href":"https:\/\/candeebaar.ee\/lv\/wp-json\/wp\/v2\/types\/product"}],"version-history":[{"count":5,"href":"https:\/\/candeebaar.ee\/lv\/wp-json\/wp\/v2\/product\/7212\/revisions"}],"predecessor-version":[{"id":15440,"href":"https:\/\/candeebaar.ee\/lv\/wp-json\/wp\/v2\/product\/7212\/revisions\/15440"}],"wp:featuredmedia":[{"embeddable":true,"href":"https:\/\/candeebaar.ee\/lv\/wp-json\/wp\/v2\/media\/10601"}],"wp:attachment":[{"href":"https:\/\/candeebaar.ee\/lv\/wp-json\/wp\/v2\/media?parent=7212"}],"wp:term":[{"taxonomy":"product_brand","embeddable":true,"href":"https:\/\/candeebaar.ee\/lv\/wp-json\/wp\/v2\/product_brand?post=7212"},{"taxonomy":"product_cat","embeddable":true,"href":"https:\/\/candeebaar.ee\/lv\/wp-json\/wp\/v2\/product_cat?post=7212"},{"taxonomy":"product_tag","embeddable":true,"href":"https:\/\/candeebaar.ee\/lv\/wp-json\/wp\/v2\/product_tag?post=7212"}],"curies":[{"name":"wp","href":"https:\/\/api.w.org\/{rel}","templated":true}]}}