{"id":7231,"date":"2024-12-31T20:14:02","date_gmt":"2024-12-31T20:14:02","guid":{"rendered":"https:\/\/storetest.ivi.ee\/product\/satin-ribbon-25mm22m-bright-green\/"},"modified":"2025-01-02T09:11:11","modified_gmt":"2025-01-02T09:11:11","slug":"satina-lente-25mm22m-spilgti-zala","status":"publish","type":"product","link":"https:\/\/candeebaar.ee\/lv\/veikals\/satina-lente-25mm22m-spilgti-zala\/","title":{"rendered":"Sat\u012bna lente 25mm*22m ko\u0161i za\u013ca"},"content":{"rendered":"<p>Sat\u012bna lente.<br \/>\nIzm\u0113rs: 25mm*22m<br \/>\nKr\u0101sa: spilgti za\u013ca<\/p>","protected":false},"excerpt":{"rendered":"<p>Sat\u012bna lente. Izm\u0113rs: 25mm*22m Kr\u0101sa: spilgti za\u013ca<\/p>","protected":false},"featured_media":7216,"template":"","meta":{"_seopress_robots_primary_cat":"","_seopress_titles_title":"","_seopress_titles_desc":"","_seopress_robots_index":""},"product_brand":[],"product_cat":[15,91],"product_tag":[],"class_list":{"0":"post-7231","1":"product","2":"type-product","3":"status-publish","4":"has-post-thumbnail","6":"product_cat-all-products","7":"product_cat-satin-ribbons","9":"first","10":"instock","11":"taxable","12":"shipping-taxable","13":"purchasable","14":"product-type-simple"},"_links":{"self":[{"href":"https:\/\/candeebaar.ee\/lv\/wp-json\/wp\/v2\/product\/7231","targetHints":{"allow":["GET"]}}],"collection":[{"href":"https:\/\/candeebaar.ee\/lv\/wp-json\/wp\/v2\/product"}],"about":[{"href":"https:\/\/candeebaar.ee\/lv\/wp-json\/wp\/v2\/types\/product"}],"version-history":[{"count":1,"href":"https:\/\/candeebaar.ee\/lv\/wp-json\/wp\/v2\/product\/7231\/revisions"}],"predecessor-version":[{"id":7232,"href":"https:\/\/candeebaar.ee\/lv\/wp-json\/wp\/v2\/product\/7231\/revisions\/7232"}],"wp:featuredmedia":[{"embeddable":true,"href":"https:\/\/candeebaar.ee\/lv\/wp-json\/wp\/v2\/media\/7216"}],"wp:attachment":[{"href":"https:\/\/candeebaar.ee\/lv\/wp-json\/wp\/v2\/media?parent=7231"}],"wp:term":[{"taxonomy":"product_brand","embeddable":true,"href":"https:\/\/candeebaar.ee\/lv\/wp-json\/wp\/v2\/product_brand?post=7231"},{"taxonomy":"product_cat","embeddable":true,"href":"https:\/\/candeebaar.ee\/lv\/wp-json\/wp\/v2\/product_cat?post=7231"},{"taxonomy":"product_tag","embeddable":true,"href":"https:\/\/candeebaar.ee\/lv\/wp-json\/wp\/v2\/product_tag?post=7231"}],"curies":[{"name":"wp","href":"https:\/\/api.w.org\/{rel}","templated":true}]}}