{"id":7243,"date":"2024-12-31T20:14:06","date_gmt":"2024-12-31T20:14:06","guid":{"rendered":"https:\/\/storetest.ivi.ee\/product\/tip-cleaning-brush-2\/"},"modified":"2026-01-29T12:16:25","modified_gmt":"2026-01-29T10:16:25","slug":"uzgalu-tirisanas-birste-2","status":"publish","type":"product","link":"https:\/\/candeebaar.ee\/lv\/veikals\/uzgalu-tirisanas-birste-2\/","title":{"rendered":"Padoms T\u012br\u012b\u0161anas birste"},"content":{"rendered":"<p>Maza \u0113rta birst\u012bte konditorejas uzga\u013cu t\u012br\u012b\u0161anai.<br \/>\nGarums: 115mm<\/p>","protected":false},"excerpt":{"rendered":"<p>Maza \u0113rta birst\u012bte konditorejas uzga\u013cu t\u012br\u012b\u0161anai. Garums: 115mm<\/p>","protected":false},"featured_media":7245,"template":"","meta":{"_seopress_robots_primary_cat":"none","_seopress_titles_title":"","_seopress_titles_desc":"","_seopress_robots_index":""},"product_brand":[],"product_cat":[15,122],"product_tag":[],"class_list":{"0":"post-7243","1":"product","2":"type-product","3":"status-publish","4":"has-post-thumbnail","6":"product_cat-all-products","7":"product_cat-miscellaneous","9":"first","10":"instock","11":"taxable","12":"shipping-taxable","13":"purchasable","14":"product-type-simple"},"_links":{"self":[{"href":"https:\/\/candeebaar.ee\/lv\/wp-json\/wp\/v2\/product\/7243","targetHints":{"allow":["GET"]}}],"collection":[{"href":"https:\/\/candeebaar.ee\/lv\/wp-json\/wp\/v2\/product"}],"about":[{"href":"https:\/\/candeebaar.ee\/lv\/wp-json\/wp\/v2\/types\/product"}],"version-history":[{"count":2,"href":"https:\/\/candeebaar.ee\/lv\/wp-json\/wp\/v2\/product\/7243\/revisions"}],"predecessor-version":[{"id":15213,"href":"https:\/\/candeebaar.ee\/lv\/wp-json\/wp\/v2\/product\/7243\/revisions\/15213"}],"wp:featuredmedia":[{"embeddable":true,"href":"https:\/\/candeebaar.ee\/lv\/wp-json\/wp\/v2\/media\/7245"}],"wp:attachment":[{"href":"https:\/\/candeebaar.ee\/lv\/wp-json\/wp\/v2\/media?parent=7243"}],"wp:term":[{"taxonomy":"product_brand","embeddable":true,"href":"https:\/\/candeebaar.ee\/lv\/wp-json\/wp\/v2\/product_brand?post=7243"},{"taxonomy":"product_cat","embeddable":true,"href":"https:\/\/candeebaar.ee\/lv\/wp-json\/wp\/v2\/product_cat?post=7243"},{"taxonomy":"product_tag","embeddable":true,"href":"https:\/\/candeebaar.ee\/lv\/wp-json\/wp\/v2\/product_tag?post=7243"}],"curies":[{"name":"wp","href":"https:\/\/api.w.org\/{rel}","templated":true}]}}