{"id":7261,"date":"2024-12-31T20:14:06","date_gmt":"2024-12-31T20:14:06","guid":{"rendered":"https:\/\/storetest.ivi.ee\/product\/insert-for-4-cupcakes\/"},"modified":"2026-04-16T10:46:18","modified_gmt":"2026-04-16T08:46:18","slug":"ieliktnis-4-cupcakes","status":"publish","type":"product","link":"https:\/\/candeebaar.ee\/lv\/veikals\/ieliktnis-4-cupcakes\/","title":{"rendered":"Ieliktnis 4 cupcakes"},"content":{"rendered":"<p>Ieliktnis piem\u0113rots kast\u0113m 18*18cm. \u013bauj dro\u0161i nostiprin\u0101t k\u0113ksus transport\u0113\u0161anai un p\u0101rn\u0113s\u0101\u0161anai.<br \/>\nKr\u0101sa: kraft, balta<br \/>\nMateri\u0101ls: kartons<br \/>\nIzm\u0113rs saloc\u012bt\u0101 st\u0101vokl\u012b: 175*30mm<\/p>","protected":false},"excerpt":{"rendered":"<p>Ieliktnis piem\u0113rots kast\u0113m 18*18cm. \u013bauj dro\u0161i nostiprin\u0101t k\u0113ksus transport\u0113\u0161anai un p\u0101rn\u0113s\u0101\u0161anai. Kr\u0101sa: krafts, balts Materi\u0101ls: kartons Izm\u0113rs saloc\u012bt\u0101 veid\u0101: 175*30mm<\/p>","protected":false},"featured_media":7263,"template":"","meta":{"_seopress_robots_primary_cat":"none","_seopress_titles_title":"","_seopress_titles_desc":"","_seopress_robots_index":""},"product_brand":[],"product_cat":[15,152],"product_tag":[],"class_list":{"0":"post-7261","1":"product","2":"type-product","3":"status-publish","4":"has-post-thumbnail","6":"product_cat-all-products","7":"product_cat-cupcakes","9":"first","10":"instock","11":"taxable","12":"shipping-taxable","13":"purchasable","14":"product-type-simple"},"_links":{"self":[{"href":"https:\/\/candeebaar.ee\/lv\/wp-json\/wp\/v2\/product\/7261","targetHints":{"allow":["GET"]}}],"collection":[{"href":"https:\/\/candeebaar.ee\/lv\/wp-json\/wp\/v2\/product"}],"about":[{"href":"https:\/\/candeebaar.ee\/lv\/wp-json\/wp\/v2\/types\/product"}],"version-history":[{"count":1,"href":"https:\/\/candeebaar.ee\/lv\/wp-json\/wp\/v2\/product\/7261\/revisions"}],"predecessor-version":[{"id":7262,"href":"https:\/\/candeebaar.ee\/lv\/wp-json\/wp\/v2\/product\/7261\/revisions\/7262"}],"wp:featuredmedia":[{"embeddable":true,"href":"https:\/\/candeebaar.ee\/lv\/wp-json\/wp\/v2\/media\/7263"}],"wp:attachment":[{"href":"https:\/\/candeebaar.ee\/lv\/wp-json\/wp\/v2\/media?parent=7261"}],"wp:term":[{"taxonomy":"product_brand","embeddable":true,"href":"https:\/\/candeebaar.ee\/lv\/wp-json\/wp\/v2\/product_brand?post=7261"},{"taxonomy":"product_cat","embeddable":true,"href":"https:\/\/candeebaar.ee\/lv\/wp-json\/wp\/v2\/product_cat?post=7261"},{"taxonomy":"product_tag","embeddable":true,"href":"https:\/\/candeebaar.ee\/lv\/wp-json\/wp\/v2\/product_tag?post=7261"}],"curies":[{"name":"wp","href":"https:\/\/api.w.org\/{rel}","templated":true}]}}