{"id":7269,"date":"2024-12-31T20:14:06","date_gmt":"2024-12-31T20:14:06","guid":{"rendered":"https:\/\/storetest.ivi.ee\/product\/box-for-desserts-18189cm-heart\/"},"modified":"2025-01-03T17:20:45","modified_gmt":"2025-01-03T17:20:45","slug":"desertu-kaste-18189-cm-sirds","status":"publish","type":"product","link":"https:\/\/candeebaar.ee\/lv\/veikals\/desertu-kaste-18189-cm-sirds\/","title":{"rendered":"Desertu kaste 18*18*9cm \u201cSirds\u201d"},"content":{"rendered":"<p>Kaste ar lodzi\u0146u ir piem\u0113rota bento k\u016bk\u0101m, k\u0113ksi\u0146iem (izmantojot ieliktni 4 k\u0113ksi\u0146iem) un jebkuriem citiem desertiem.<br \/>\nMateri\u0101ls: kartons<br \/>\nKr\u0101sa: raksts<br \/>\nIzm\u0113rs: 18*18*9cm<\/p>","protected":false},"excerpt":{"rendered":"<p>Kaste ar lodzi\u0146u ir piem\u0113rota bento k\u016bk\u0101m, k\u0113ksi\u0146iem (izmantojot ieliktni 4 k\u0113ksi\u0146iem) un jebkuriem citiem desertiem. Materi\u0101ls: kartons Kr\u0101sa: raksts Izm\u0113rs: 18*18*9cm<\/p>","protected":false},"featured_media":7265,"template":"","meta":{"_seopress_robots_primary_cat":"","_seopress_titles_title":"","_seopress_titles_desc":"","_seopress_robots_index":""},"product_brand":[],"product_cat":[15,133,152],"product_tag":[],"class_list":{"0":"post-7269","1":"product","2":"type-product","3":"status-publish","4":"has-post-thumbnail","6":"product_cat-all-products","7":"product_cat-18cm-base","8":"product_cat-cupcakes","10":"first","11":"outofstock","12":"taxable","13":"shipping-taxable","14":"purchasable","15":"product-type-simple"},"_links":{"self":[{"href":"https:\/\/candeebaar.ee\/lv\/wp-json\/wp\/v2\/product\/7269","targetHints":{"allow":["GET"]}}],"collection":[{"href":"https:\/\/candeebaar.ee\/lv\/wp-json\/wp\/v2\/product"}],"about":[{"href":"https:\/\/candeebaar.ee\/lv\/wp-json\/wp\/v2\/types\/product"}],"version-history":[{"count":1,"href":"https:\/\/candeebaar.ee\/lv\/wp-json\/wp\/v2\/product\/7269\/revisions"}],"predecessor-version":[{"id":7270,"href":"https:\/\/candeebaar.ee\/lv\/wp-json\/wp\/v2\/product\/7269\/revisions\/7270"}],"wp:featuredmedia":[{"embeddable":true,"href":"https:\/\/candeebaar.ee\/lv\/wp-json\/wp\/v2\/media\/7265"}],"wp:attachment":[{"href":"https:\/\/candeebaar.ee\/lv\/wp-json\/wp\/v2\/media?parent=7269"}],"wp:term":[{"taxonomy":"product_brand","embeddable":true,"href":"https:\/\/candeebaar.ee\/lv\/wp-json\/wp\/v2\/product_brand?post=7269"},{"taxonomy":"product_cat","embeddable":true,"href":"https:\/\/candeebaar.ee\/lv\/wp-json\/wp\/v2\/product_cat?post=7269"},{"taxonomy":"product_tag","embeddable":true,"href":"https:\/\/candeebaar.ee\/lv\/wp-json\/wp\/v2\/product_tag?post=7269"}],"curies":[{"name":"wp","href":"https:\/\/api.w.org\/{rel}","templated":true}]}}