{"id":7276,"date":"2024-12-31T20:14:06","date_gmt":"2024-12-31T20:14:06","guid":{"rendered":"https:\/\/storetest.ivi.ee\/product\/dark-glaze-royal-steensma-300g\/"},"modified":"2024-12-31T20:14:10","modified_gmt":"2024-12-31T20:14:10","slug":"tumsa-glazura-royal-steensma-300g","status":"publish","type":"product","link":"https:\/\/candeebaar.ee\/lv\/veikals\/tumsa-glazura-royal-steensma-300g\/","title":{"rendered":"Tum\u0161\u0101 glaz\u016bra Royal Steensma 300g"},"content":{"rendered":"<p>Tum\u0161a glaz\u016bra ar pat\u012bkamu gar\u0161u.<br \/>\nMasa: 300g<br \/>\nSast\u0101vs uz 100 g:<br \/>\nEner\u0123\u0113tisk\u0101 v\u0113rt\u012bba: 593 kcal\/2467 kJ<br \/>\nTauki (pies\u0101tin\u0101tie): 42(40) g<br \/>\nOg\u013chidr\u0101ti (cukurs): 50 (49) g<br \/>\n\u0160\u0137iedrvielas: 3,2 g<br \/>\nOlbaltumvielas: 2,3 g<\/p>\n<p>Sast\u0101vs: cukurs; augu e\u013c\u013ca (palmu, kokosriekstu), emulgators E492, E322 (sojas lecit\u012bns), kakao ar zemu tauku saturu, <strong>pienu<\/strong>, aromatiz\u0113t\u0101js.<br \/>\nKr\u0101sa: &quot;tum\u0161\u0101 \u0161okol\u0101de&quot;<\/p>\n<p>Ra\u017eot\u0101js: Royal Steensma, N\u012bderlande<br \/>\nUzglab\u0101jiet produktu t\u012br\u0101s telp\u0101s, kur nav sve\u0161as smakas (relat\u012bvais mitrums ne vair\u0101k k\u0101 70%).<br \/>\nUzglab\u0101\u0161anas temperat\u016bra: 12 \u2013 20 \u00b0C<br \/>\nVar satur\u0113t p\u0113das <strong>piens, laktoze, soja un rieksti.<\/strong><\/p>","protected":false},"excerpt":{"rendered":"<p>Dark glaze with a pleasant taste. Mass: 300g Content per 100g: Energy: 593kCal\/2467kJ Fats (saturated): 42(40)g Carbohydrates (sugar): 50 (49)g Fiber: 3.2g Proteins: 2.3g Composition: sugar; vegetable oil (palm, coconut), emulsifier E492, E322 (soy lecithin), low-fat cocoa, milk, flavoring agent. Color: &#8220;dark chocolate&#8221; Manufacturer: Royal Steensma, Netherlands Store the product in clean rooms, free from [&hellip;]<\/p>","protected":false},"featured_media":7275,"template":"","meta":{"_seopress_robots_primary_cat":"","_seopress_titles_title":"","_seopress_titles_desc":"","_seopress_robots_index":""},"product_brand":[],"product_cat":[15],"product_tag":[],"class_list":{"0":"post-7276","1":"product","2":"type-product","3":"status-publish","4":"has-post-thumbnail","6":"product_cat-all-products","8":"first","9":"outofstock","10":"sale","11":"taxable","12":"shipping-taxable","13":"purchasable","14":"product-type-simple"},"_links":{"self":[{"href":"https:\/\/candeebaar.ee\/lv\/wp-json\/wp\/v2\/product\/7276","targetHints":{"allow":["GET"]}}],"collection":[{"href":"https:\/\/candeebaar.ee\/lv\/wp-json\/wp\/v2\/product"}],"about":[{"href":"https:\/\/candeebaar.ee\/lv\/wp-json\/wp\/v2\/types\/product"}],"version-history":[{"count":1,"href":"https:\/\/candeebaar.ee\/lv\/wp-json\/wp\/v2\/product\/7276\/revisions"}],"predecessor-version":[{"id":7277,"href":"https:\/\/candeebaar.ee\/lv\/wp-json\/wp\/v2\/product\/7276\/revisions\/7277"}],"wp:featuredmedia":[{"embeddable":true,"href":"https:\/\/candeebaar.ee\/lv\/wp-json\/wp\/v2\/media\/7275"}],"wp:attachment":[{"href":"https:\/\/candeebaar.ee\/lv\/wp-json\/wp\/v2\/media?parent=7276"}],"wp:term":[{"taxonomy":"product_brand","embeddable":true,"href":"https:\/\/candeebaar.ee\/lv\/wp-json\/wp\/v2\/product_brand?post=7276"},{"taxonomy":"product_cat","embeddable":true,"href":"https:\/\/candeebaar.ee\/lv\/wp-json\/wp\/v2\/product_cat?post=7276"},{"taxonomy":"product_tag","embeddable":true,"href":"https:\/\/candeebaar.ee\/lv\/wp-json\/wp\/v2\/product_tag?post=7276"}],"curies":[{"name":"wp","href":"https:\/\/api.w.org\/{rel}","templated":true}]}}