{"id":7296,"date":"2024-12-31T20:14:06","date_gmt":"2024-12-31T20:14:06","guid":{"rendered":"https:\/\/storetest.ivi.ee\/product\/round-nozzle-7mm-2\/"},"modified":"2026-01-11T22:07:46","modified_gmt":"2026-01-11T20:07:46","slug":"apala-uzgala-7-mm-2","status":"publish","type":"product","link":"https:\/\/candeebaar.ee\/lv\/veikals\/apala-uzgala-7-mm-2\/","title":{"rendered":"Apa\u013cais uzgalis 7mm"},"content":{"rendered":"<p>Met\u0101la apa\u013ca uzgalis.<br \/>\nIzm\u0113rs: 25*48mm<br \/>\nIzeja: 7mm<\/p>","protected":false},"excerpt":{"rendered":"<p>Met\u0101la apa\u013ca uzgalis. Izm\u0113rs: 25*48mm Izeja: 7mm<\/p>","protected":false},"featured_media":7285,"template":"","meta":{"_seopress_robots_primary_cat":"","_seopress_titles_title":"","_seopress_titles_desc":"","_seopress_robots_index":""},"product_brand":[],"product_cat":[15,121],"product_tag":[],"class_list":{"0":"post-7296","1":"product","2":"type-product","3":"status-publish","4":"has-post-thumbnail","6":"product_cat-all-products","7":"product_cat-round","9":"first","10":"instock","11":"taxable","12":"shipping-taxable","13":"purchasable","14":"product-type-simple"},"_links":{"self":[{"href":"https:\/\/candeebaar.ee\/lv\/wp-json\/wp\/v2\/product\/7296","targetHints":{"allow":["GET"]}}],"collection":[{"href":"https:\/\/candeebaar.ee\/lv\/wp-json\/wp\/v2\/product"}],"about":[{"href":"https:\/\/candeebaar.ee\/lv\/wp-json\/wp\/v2\/types\/product"}],"version-history":[{"count":1,"href":"https:\/\/candeebaar.ee\/lv\/wp-json\/wp\/v2\/product\/7296\/revisions"}],"predecessor-version":[{"id":7297,"href":"https:\/\/candeebaar.ee\/lv\/wp-json\/wp\/v2\/product\/7296\/revisions\/7297"}],"wp:featuredmedia":[{"embeddable":true,"href":"https:\/\/candeebaar.ee\/lv\/wp-json\/wp\/v2\/media\/7285"}],"wp:attachment":[{"href":"https:\/\/candeebaar.ee\/lv\/wp-json\/wp\/v2\/media?parent=7296"}],"wp:term":[{"taxonomy":"product_brand","embeddable":true,"href":"https:\/\/candeebaar.ee\/lv\/wp-json\/wp\/v2\/product_brand?post=7296"},{"taxonomy":"product_cat","embeddable":true,"href":"https:\/\/candeebaar.ee\/lv\/wp-json\/wp\/v2\/product_cat?post=7296"},{"taxonomy":"product_tag","embeddable":true,"href":"https:\/\/candeebaar.ee\/lv\/wp-json\/wp\/v2\/product_tag?post=7296"}],"curies":[{"name":"wp","href":"https:\/\/api.w.org\/{rel}","templated":true}]}}