{"id":7300,"date":"2024-12-31T20:14:15","date_gmt":"2024-12-31T20:14:15","guid":{"rendered":"https:\/\/storetest.ivi.ee\/product\/round-nozzle-10mm\/"},"modified":"2026-02-12T11:29:13","modified_gmt":"2026-02-12T09:29:13","slug":"apala-uzgalis-10mm","status":"publish","type":"product","link":"https:\/\/candeebaar.ee\/lv\/veikals\/apala-uzgalis-10mm\/","title":{"rendered":"Apa\u013cais uzgalis 10mm"},"content":{"rendered":"<p>Met\u0101la apa\u013ca uzgalis.<br \/>\nIzm\u0113rs: 25*40mm<br \/>\nIzeja: 10 mm<\/p>","protected":false},"excerpt":{"rendered":"<p>Met\u0101la apa\u013ca uzgalis. Izm\u0113rs: 25*40mm Izeja: 10mm<\/p>","protected":false},"featured_media":7285,"template":"","meta":{"_seopress_robots_primary_cat":"none","_seopress_titles_title":"","_seopress_titles_desc":"","_seopress_robots_index":""},"product_brand":[],"product_cat":[15,121],"product_tag":[],"class_list":{"0":"post-7300","1":"product","2":"type-product","3":"status-publish","4":"has-post-thumbnail","6":"product_cat-all-products","7":"product_cat-round","9":"first","10":"outofstock","11":"taxable","12":"shipping-taxable","13":"purchasable","14":"product-type-simple"},"_links":{"self":[{"href":"https:\/\/candeebaar.ee\/lv\/wp-json\/wp\/v2\/product\/7300","targetHints":{"allow":["GET"]}}],"collection":[{"href":"https:\/\/candeebaar.ee\/lv\/wp-json\/wp\/v2\/product"}],"about":[{"href":"https:\/\/candeebaar.ee\/lv\/wp-json\/wp\/v2\/types\/product"}],"version-history":[{"count":1,"href":"https:\/\/candeebaar.ee\/lv\/wp-json\/wp\/v2\/product\/7300\/revisions"}],"predecessor-version":[{"id":7301,"href":"https:\/\/candeebaar.ee\/lv\/wp-json\/wp\/v2\/product\/7300\/revisions\/7301"}],"wp:featuredmedia":[{"embeddable":true,"href":"https:\/\/candeebaar.ee\/lv\/wp-json\/wp\/v2\/media\/7285"}],"wp:attachment":[{"href":"https:\/\/candeebaar.ee\/lv\/wp-json\/wp\/v2\/media?parent=7300"}],"wp:term":[{"taxonomy":"product_brand","embeddable":true,"href":"https:\/\/candeebaar.ee\/lv\/wp-json\/wp\/v2\/product_brand?post=7300"},{"taxonomy":"product_cat","embeddable":true,"href":"https:\/\/candeebaar.ee\/lv\/wp-json\/wp\/v2\/product_cat?post=7300"},{"taxonomy":"product_tag","embeddable":true,"href":"https:\/\/candeebaar.ee\/lv\/wp-json\/wp\/v2\/product_tag?post=7300"}],"curies":[{"name":"wp","href":"https:\/\/api.w.org\/{rel}","templated":true}]}}