{"id":7337,"date":"2024-12-31T20:14:15","date_gmt":"2024-12-31T20:14:15","guid":{"rendered":"https:\/\/storetest.ivi.ee\/product\/silicone-mold-hemispherical-38mm\/"},"modified":"2025-01-02T10:38:05","modified_gmt":"2025-01-02T10:38:05","slug":"silicone-mold-hemispherical-38mm","status":"publish","type":"product","link":"https:\/\/candeebaar.ee\/lv\/veikals\/silicone-mold-hemispherical-38mm\/","title":{"rendered":"Silicone mold &#8220;Hemispherical&#8221; 38mm"},"content":{"rendered":"<p>Mold for creating half-spheres with a diameter of 38mm (15 cells).<br \/>\nMateri\u0101ls: silikons<br \/>\nLieto\u0161anas temperat\u016bra: -60 l\u012bdz 230\u00b0C<br \/>\nSize: 295*170mm<\/p>","protected":false},"excerpt":{"rendered":"<p>Mold for creating half-spheres with a diameter of 38mm (15 cells). Material: silicone Usage temperature: -60 to 230\u00b0C Size: 295*170mm<\/p>","protected":false},"featured_media":7327,"template":"","meta":{"_seopress_robots_primary_cat":"","_seopress_titles_title":"","_seopress_titles_desc":"","_seopress_robots_index":""},"product_brand":[],"product_cat":[15,82,123],"product_tag":[],"class_list":{"0":"post-7337","1":"product","2":"type-product","3":"status-publish","4":"has-post-thumbnail","6":"product_cat-all-products","7":"product_cat-chocolate-molds","8":"product_cat-geometry","10":"first","11":"outofstock","12":"taxable","13":"shipping-taxable","14":"purchasable","15":"product-type-simple"},"_links":{"self":[{"href":"https:\/\/candeebaar.ee\/lv\/wp-json\/wp\/v2\/product\/7337","targetHints":{"allow":["GET"]}}],"collection":[{"href":"https:\/\/candeebaar.ee\/lv\/wp-json\/wp\/v2\/product"}],"about":[{"href":"https:\/\/candeebaar.ee\/lv\/wp-json\/wp\/v2\/types\/product"}],"version-history":[{"count":1,"href":"https:\/\/candeebaar.ee\/lv\/wp-json\/wp\/v2\/product\/7337\/revisions"}],"predecessor-version":[{"id":7338,"href":"https:\/\/candeebaar.ee\/lv\/wp-json\/wp\/v2\/product\/7337\/revisions\/7338"}],"wp:featuredmedia":[{"embeddable":true,"href":"https:\/\/candeebaar.ee\/lv\/wp-json\/wp\/v2\/media\/7327"}],"wp:attachment":[{"href":"https:\/\/candeebaar.ee\/lv\/wp-json\/wp\/v2\/media?parent=7337"}],"wp:term":[{"taxonomy":"product_brand","embeddable":true,"href":"https:\/\/candeebaar.ee\/lv\/wp-json\/wp\/v2\/product_brand?post=7337"},{"taxonomy":"product_cat","embeddable":true,"href":"https:\/\/candeebaar.ee\/lv\/wp-json\/wp\/v2\/product_cat?post=7337"},{"taxonomy":"product_tag","embeddable":true,"href":"https:\/\/candeebaar.ee\/lv\/wp-json\/wp\/v2\/product_tag?post=7337"}],"curies":[{"name":"wp","href":"https:\/\/api.w.org\/{rel}","templated":true}]}}