{"id":7345,"date":"2024-12-31T20:14:15","date_gmt":"2024-12-31T20:14:15","guid":{"rendered":"https:\/\/storetest.ivi.ee\/product\/food-glitter-new-pearl-food-colours-20g\/"},"modified":"2026-04-08T15:26:53","modified_gmt":"2026-04-08T13:26:53","slug":"food-glitter-new-pearl-partikas-krasvielas-20g","status":"publish","type":"product","link":"https:\/\/candeebaar.ee\/lv\/veikals\/food-glitter-new-pearl-partikas-krasvielas-20g\/","title":{"rendered":"P\u0101rtikas sp\u012bdumi \u201cNEW PEARL\u201d P\u0101rtikas kr\u0101svielas 20g"},"content":{"rendered":"<p>P\u0101rtikas mirdzo\u0161a kr\u0101sa, ir bl\u012bva strukt\u016bra, viegli uzkl\u0101jama gan sausa, gan at\u0161\u0137aid\u012bta spirt\u0101.<br \/>\nDevas: 0,1-0,2% no produkta svara<br \/>\nKr\u0101sa: p\u0113rle<br \/>\nSast\u0101vs: E555, E530<br \/>\nSvars: 20g<br \/>\nUzglab\u0101t v\u0113s\u0101 tum\u0161\u0101 viet\u0101.<br \/>\nRa\u017eot\u0101js: Food Colours, Polija<\/p>","protected":false},"excerpt":{"rendered":"<p>P\u0101rtikas mirdzo\u0161a kr\u0101sa, ir bl\u012bva strukt\u016bra, viegli uzkl\u0101jama gan sausa, gan at\u0161\u0137aid\u012bta spirt\u0101. Devas: 0,1-0,2% no produkta svara Kr\u0101sa: p\u0113rle Sast\u0101vs: E555, E530 Svars: 20g Uzglab\u0101t v\u0113s\u0101 tum\u0161\u0101 viet\u0101. Ra\u017eot\u0101js: Food Colours, Polija<\/p>","protected":false},"featured_media":7347,"template":"","meta":{"_seopress_robots_primary_cat":"none","_seopress_titles_title":"","_seopress_titles_desc":"","_seopress_robots_index":""},"product_brand":[],"product_cat":[182,181,15,115],"product_tag":[],"class_list":{"0":"post-7345","1":"product","2":"type-product","3":"status-publish","4":"has-post-thumbnail","6":"product_cat-christmas","7":"product_cat-christmas-new-year","8":"product_cat-all-products","9":"product_cat-glitter","11":"first","12":"outofstock","13":"taxable","14":"shipping-taxable","15":"purchasable","16":"product-type-simple"},"_links":{"self":[{"href":"https:\/\/candeebaar.ee\/lv\/wp-json\/wp\/v2\/product\/7345","targetHints":{"allow":["GET"]}}],"collection":[{"href":"https:\/\/candeebaar.ee\/lv\/wp-json\/wp\/v2\/product"}],"about":[{"href":"https:\/\/candeebaar.ee\/lv\/wp-json\/wp\/v2\/types\/product"}],"version-history":[{"count":1,"href":"https:\/\/candeebaar.ee\/lv\/wp-json\/wp\/v2\/product\/7345\/revisions"}],"predecessor-version":[{"id":7346,"href":"https:\/\/candeebaar.ee\/lv\/wp-json\/wp\/v2\/product\/7345\/revisions\/7346"}],"wp:featuredmedia":[{"embeddable":true,"href":"https:\/\/candeebaar.ee\/lv\/wp-json\/wp\/v2\/media\/7347"}],"wp:attachment":[{"href":"https:\/\/candeebaar.ee\/lv\/wp-json\/wp\/v2\/media?parent=7345"}],"wp:term":[{"taxonomy":"product_brand","embeddable":true,"href":"https:\/\/candeebaar.ee\/lv\/wp-json\/wp\/v2\/product_brand?post=7345"},{"taxonomy":"product_cat","embeddable":true,"href":"https:\/\/candeebaar.ee\/lv\/wp-json\/wp\/v2\/product_cat?post=7345"},{"taxonomy":"product_tag","embeddable":true,"href":"https:\/\/candeebaar.ee\/lv\/wp-json\/wp\/v2\/product_tag?post=7345"}],"curies":[{"name":"wp","href":"https:\/\/api.w.org\/{rel}","templated":true}]}}