{"id":7351,"date":"2024-12-31T20:14:20","date_gmt":"2024-12-31T20:14:20","guid":{"rendered":"https:\/\/storetest.ivi.ee\/product\/box-for-desserts-10153-5cm\/"},"modified":"2026-04-02T11:47:37","modified_gmt":"2026-04-02T09:47:37","slug":"kaste-desertiem-10153-5cm","status":"publish","type":"product","link":"https:\/\/candeebaar.ee\/lv\/veikals\/kaste-desertiem-10153-5cm\/","title":{"rendered":"Kast\u012bte desertiem 10*15*3,5cm"},"content":{"rendered":"<p>Kvalitat\u012bva kartona kaste ar dubultu pamatni. V\u0101ks izgatavots no caursp\u012bd\u012bgas plastmasas. Ide\u0101li piem\u0113rots pipark\u016bk\u0101m un zema profila izstr\u0101d\u0101jumiem.<br \/>\nKr\u0101sa: p\u0113r\u013cu balta<br \/>\nIzm\u0113rs: 150x100x35mm<br \/>\nRa\u017eot\u0101js: It\u0101lija<\/p>","protected":false},"excerpt":{"rendered":"<p>Kvalitat\u012bva kartona kaste ar dubultu pamatni. V\u0101ks izgatavots no caursp\u012bd\u012bgas plastmasas. Ide\u0101li piem\u0113rots pipark\u016bk\u0101m un zema profila izstr\u0101d\u0101jumiem. Kr\u0101sa: p\u0113r\u013cu balta Izm\u0113rs: 150x100x35mm Ra\u017eot\u0101js: It\u0101lija<\/p>","protected":false},"featured_media":7353,"template":"","meta":{"_seopress_robots_primary_cat":"none","_seopress_titles_title":"","_seopress_titles_desc":"","_seopress_robots_index":""},"product_brand":[],"product_cat":[15,153,156,93],"product_tag":[],"class_list":{"0":"post-7351","1":"product","2":"type-product","3":"status-publish","4":"has-post-thumbnail","6":"product_cat-all-products","7":"product_cat-candy-boxes","8":"product_cat-low-boxes","9":"product_cat-gift-packaging","11":"first","12":"instock","13":"taxable","14":"shipping-taxable","15":"purchasable","16":"product-type-simple"},"_links":{"self":[{"href":"https:\/\/candeebaar.ee\/lv\/wp-json\/wp\/v2\/product\/7351","targetHints":{"allow":["GET"]}}],"collection":[{"href":"https:\/\/candeebaar.ee\/lv\/wp-json\/wp\/v2\/product"}],"about":[{"href":"https:\/\/candeebaar.ee\/lv\/wp-json\/wp\/v2\/types\/product"}],"version-history":[{"count":1,"href":"https:\/\/candeebaar.ee\/lv\/wp-json\/wp\/v2\/product\/7351\/revisions"}],"predecessor-version":[{"id":7352,"href":"https:\/\/candeebaar.ee\/lv\/wp-json\/wp\/v2\/product\/7351\/revisions\/7352"}],"wp:featuredmedia":[{"embeddable":true,"href":"https:\/\/candeebaar.ee\/lv\/wp-json\/wp\/v2\/media\/7353"}],"wp:attachment":[{"href":"https:\/\/candeebaar.ee\/lv\/wp-json\/wp\/v2\/media?parent=7351"}],"wp:term":[{"taxonomy":"product_brand","embeddable":true,"href":"https:\/\/candeebaar.ee\/lv\/wp-json\/wp\/v2\/product_brand?post=7351"},{"taxonomy":"product_cat","embeddable":true,"href":"https:\/\/candeebaar.ee\/lv\/wp-json\/wp\/v2\/product_cat?post=7351"},{"taxonomy":"product_tag","embeddable":true,"href":"https:\/\/candeebaar.ee\/lv\/wp-json\/wp\/v2\/product_tag?post=7351"}],"curies":[{"name":"wp","href":"https:\/\/api.w.org\/{rel}","templated":true}]}}