{"id":7354,"date":"2024-12-31T20:14:20","date_gmt":"2024-12-31T20:14:20","guid":{"rendered":"https:\/\/storetest.ivi.ee\/product\/paper-bag-with-window-110240mm-30pcs\/"},"modified":"2026-02-22T10:37:40","modified_gmt":"2026-02-22T08:37:40","slug":"papira-maisins-ar-logu-110240mm-30gab","status":"publish","type":"product","link":"https:\/\/candeebaar.ee\/lv\/veikals\/papira-maisins-ar-logu-110240mm-30gab\/","title":{"rendered":"Pap\u012bra maisi\u0146\u0161 ar logu 110*240mm (30gab.)"},"content":{"rendered":"<p>Maisi\u0146a konditorejas izstr\u0101d\u0101jumiem, vienk\u0101r\u0161a un l\u0113ta iepako\u0161anas iesp\u0113ja. Logs no caursp\u012bd\u012bgas plastmasas.<br \/>\nKr\u0101sa: krafts<br \/>\nIzm\u0113rs: 110*240mm<br \/>\nKomplekt\u0101 30gab.<\/p>","protected":false},"excerpt":{"rendered":"<p>Maisi\u0146a konditorejas izstr\u0101d\u0101jumiem, vienk\u0101r\u0161a un l\u0113ta iepako\u0161anas iesp\u0113ja. Logs no caursp\u012bd\u012bgas plastmasas. Kr\u0101sa: kraft Izm\u0113rs: 110*240mm Ietver 30gab.<\/p>","protected":false},"featured_media":7356,"template":"","meta":{"_seopress_robots_primary_cat":"","_seopress_titles_title":"","_seopress_titles_desc":"","_seopress_robots_index":""},"product_brand":[],"product_cat":[15,95],"product_tag":[],"class_list":{"0":"post-7354","1":"product","2":"type-product","3":"status-publish","4":"has-post-thumbnail","6":"product_cat-all-products","7":"product_cat-plastic-and-paper-bags","9":"first","10":"instock","11":"taxable","12":"shipping-taxable","13":"purchasable","14":"product-type-simple"},"_links":{"self":[{"href":"https:\/\/candeebaar.ee\/lv\/wp-json\/wp\/v2\/product\/7354","targetHints":{"allow":["GET"]}}],"collection":[{"href":"https:\/\/candeebaar.ee\/lv\/wp-json\/wp\/v2\/product"}],"about":[{"href":"https:\/\/candeebaar.ee\/lv\/wp-json\/wp\/v2\/types\/product"}],"version-history":[{"count":1,"href":"https:\/\/candeebaar.ee\/lv\/wp-json\/wp\/v2\/product\/7354\/revisions"}],"predecessor-version":[{"id":7355,"href":"https:\/\/candeebaar.ee\/lv\/wp-json\/wp\/v2\/product\/7354\/revisions\/7355"}],"wp:featuredmedia":[{"embeddable":true,"href":"https:\/\/candeebaar.ee\/lv\/wp-json\/wp\/v2\/media\/7356"}],"wp:attachment":[{"href":"https:\/\/candeebaar.ee\/lv\/wp-json\/wp\/v2\/media?parent=7354"}],"wp:term":[{"taxonomy":"product_brand","embeddable":true,"href":"https:\/\/candeebaar.ee\/lv\/wp-json\/wp\/v2\/product_brand?post=7354"},{"taxonomy":"product_cat","embeddable":true,"href":"https:\/\/candeebaar.ee\/lv\/wp-json\/wp\/v2\/product_cat?post=7354"},{"taxonomy":"product_tag","embeddable":true,"href":"https:\/\/candeebaar.ee\/lv\/wp-json\/wp\/v2\/product_tag?post=7354"}],"curies":[{"name":"wp","href":"https:\/\/api.w.org\/{rel}","templated":true}]}}