{"id":7404,"date":"2024-12-31T20:14:20","date_gmt":"2024-12-31T20:14:20","guid":{"rendered":"https:\/\/storetest.ivi.ee\/product\/fat-soluble-dye-black-20g-food-colours\/"},"modified":"2026-04-14T19:47:38","modified_gmt":"2026-04-14T17:47:38","slug":"taukos-skistosa-krasviela-melna-20g-partikas-krasvielas","status":"publish","type":"product","link":"https:\/\/candeebaar.ee\/lv\/veikals\/taukos-skistosa-krasviela-melna-20g-partikas-krasvielas\/","title":{"rendered":"Taukos \u0161\u0137\u012bsto\u0161\u0101 Dye Black 20g p\u0101rtikas kr\u0101svielas"},"content":{"rendered":"<p>Taukos \u0161\u0137\u012bsto\u0161\u0101 p\u0101rtikas kr\u0101sviela, ko izmanto balt\u0101s \u0161okol\u0101des un citu taukus saturo\u0161u produktu kr\u0101so\u0161anai, piem\u0113rota ar\u012b regul\u0101r\u0101m mas\u0101m (mastikai, kr\u0113jumam u.c.)<br \/>\nMasa: 20g<br \/>\nSast\u0101vs: p\u0101rtikas kr\u0101sviela E172.<br \/>\nRa\u017eot\u0101js: Food Colours, Polija<\/p>","protected":false},"excerpt":{"rendered":"<p>Taukos \u0161\u0137\u012bsto\u0161\u0101 p\u0101rtikas kr\u0101sviela, izmanto balt\u0101s \u0161okol\u0101des un citu taukus saturo\u0161u produktu kr\u0101so\u0161anai, piem\u0113rota ar\u012b regul\u0101r\u0101m mas\u0101m (mastika, kr\u0113ms u.c.) Masa: 20g Sast\u0101vs: p\u0101rtikas kr\u0101sviela E172. Ra\u017eot\u0101js: Food Colours, Polija<\/p>","protected":false},"featured_media":7406,"template":"","meta":{"_seopress_robots_primary_cat":"none","_seopress_titles_title":"","_seopress_titles_desc":"","_seopress_robots_index":""},"product_brand":[],"product_cat":[15,113],"product_tag":[],"class_list":{"0":"post-7404","1":"product","2":"type-product","3":"status-publish","4":"has-post-thumbnail","6":"product_cat-all-products","7":"product_cat-powder-fat-soluble","9":"first","10":"instock","11":"taxable","12":"shipping-taxable","13":"purchasable","14":"product-type-simple"},"_links":{"self":[{"href":"https:\/\/candeebaar.ee\/lv\/wp-json\/wp\/v2\/product\/7404","targetHints":{"allow":["GET"]}}],"collection":[{"href":"https:\/\/candeebaar.ee\/lv\/wp-json\/wp\/v2\/product"}],"about":[{"href":"https:\/\/candeebaar.ee\/lv\/wp-json\/wp\/v2\/types\/product"}],"version-history":[{"count":1,"href":"https:\/\/candeebaar.ee\/lv\/wp-json\/wp\/v2\/product\/7404\/revisions"}],"predecessor-version":[{"id":7405,"href":"https:\/\/candeebaar.ee\/lv\/wp-json\/wp\/v2\/product\/7404\/revisions\/7405"}],"wp:featuredmedia":[{"embeddable":true,"href":"https:\/\/candeebaar.ee\/lv\/wp-json\/wp\/v2\/media\/7406"}],"wp:attachment":[{"href":"https:\/\/candeebaar.ee\/lv\/wp-json\/wp\/v2\/media?parent=7404"}],"wp:term":[{"taxonomy":"product_brand","embeddable":true,"href":"https:\/\/candeebaar.ee\/lv\/wp-json\/wp\/v2\/product_brand?post=7404"},{"taxonomy":"product_cat","embeddable":true,"href":"https:\/\/candeebaar.ee\/lv\/wp-json\/wp\/v2\/product_cat?post=7404"},{"taxonomy":"product_tag","embeddable":true,"href":"https:\/\/candeebaar.ee\/lv\/wp-json\/wp\/v2\/product_tag?post=7404"}],"curies":[{"name":"wp","href":"https:\/\/api.w.org\/{rel}","templated":true}]}}