{"id":7407,"date":"2024-12-31T20:14:28","date_gmt":"2024-12-31T20:14:28","guid":{"rendered":"https:\/\/storetest.ivi.ee\/product\/dummy-tier-for-cake-1610cm\/"},"modified":"2025-04-13T10:05:48","modified_gmt":"2025-04-13T08:05:48","slug":"manekena-limenis-kukai-1605cm","status":"publish","type":"product","link":"https:\/\/candeebaar.ee\/lv\/veikals\/manekena-limenis-kukai-1605cm\/","title":{"rendered":"Manekena l\u012bmenis k\u016bkai 16*5cm"},"content":{"rendered":"<p>Manekens, kas izgatavots no put\u0101m, lieliski piem\u0113rots daudzpak\u0101pju k\u016bk\u0101m.<br \/>\nIzm\u0113rs: 16*5cm<br \/>\nRa\u017eot\u0101js: Polija<\/p>","protected":false},"excerpt":{"rendered":"<p>Manekena sl\u0101nis izgatavots no put\u0101m, lieliski piem\u0113rots daudzpak\u0101pju k\u016bk\u0101m. Izm\u0113rs: 16*5cm Ra\u017eot\u0101js: Polija<\/p>","protected":false},"featured_media":6806,"template":"","meta":{"_seopress_robots_primary_cat":"none","_seopress_titles_title":"","_seopress_titles_desc":"","_seopress_robots_index":""},"product_brand":[],"product_cat":[15],"product_tag":[],"class_list":{"0":"post-7407","1":"product","2":"type-product","3":"status-publish","4":"has-post-thumbnail","6":"product_cat-all-products","8":"first","9":"instock","10":"taxable","11":"shipping-taxable","12":"purchasable","13":"product-type-simple"},"_links":{"self":[{"href":"https:\/\/candeebaar.ee\/lv\/wp-json\/wp\/v2\/product\/7407","targetHints":{"allow":["GET"]}}],"collection":[{"href":"https:\/\/candeebaar.ee\/lv\/wp-json\/wp\/v2\/product"}],"about":[{"href":"https:\/\/candeebaar.ee\/lv\/wp-json\/wp\/v2\/types\/product"}],"version-history":[{"count":3,"href":"https:\/\/candeebaar.ee\/lv\/wp-json\/wp\/v2\/product\/7407\/revisions"}],"predecessor-version":[{"id":11733,"href":"https:\/\/candeebaar.ee\/lv\/wp-json\/wp\/v2\/product\/7407\/revisions\/11733"}],"wp:featuredmedia":[{"embeddable":true,"href":"https:\/\/candeebaar.ee\/lv\/wp-json\/wp\/v2\/media\/6806"}],"wp:attachment":[{"href":"https:\/\/candeebaar.ee\/lv\/wp-json\/wp\/v2\/media?parent=7407"}],"wp:term":[{"taxonomy":"product_brand","embeddable":true,"href":"https:\/\/candeebaar.ee\/lv\/wp-json\/wp\/v2\/product_brand?post=7407"},{"taxonomy":"product_cat","embeddable":true,"href":"https:\/\/candeebaar.ee\/lv\/wp-json\/wp\/v2\/product_cat?post=7407"},{"taxonomy":"product_tag","embeddable":true,"href":"https:\/\/candeebaar.ee\/lv\/wp-json\/wp\/v2\/product_tag?post=7407"}],"curies":[{"name":"wp","href":"https:\/\/api.w.org\/{rel}","templated":true}]}}