{"id":7409,"date":"2024-12-31T20:14:28","date_gmt":"2024-12-31T20:14:28","guid":{"rendered":"https:\/\/storetest.ivi.ee\/product\/dummy-tier-for-cake-205cm\/"},"modified":"2025-07-19T17:13:51","modified_gmt":"2025-07-19T15:13:51","slug":"manekena-limenis-kukai-205cm","status":"publish","type":"product","link":"https:\/\/candeebaar.ee\/lv\/veikals\/manekena-limenis-kukai-205cm\/","title":{"rendered":"Manekena l\u012bmenis k\u016bkai 20*5cm"},"content":{"rendered":"<p>Manekens, kas izgatavots no put\u0101m, lieliski piem\u0113rots daudzpak\u0101pju k\u016bkai.<br \/>\nIzm\u0113rs: 20*5cm<br \/>\nRa\u017eot\u0101js: Polija<\/p>","protected":false},"excerpt":{"rendered":"<p>Manekens, kas izgatavots no put\u0101m, lieliski piem\u0113rots daudzpak\u0101pju k\u016bkai. Izm\u0113rs: 20*5cm Ra\u017eot\u0101js: Polija<\/p>","protected":false},"featured_media":6806,"template":"","meta":{"_seopress_robots_primary_cat":"","_seopress_titles_title":"","_seopress_titles_desc":"","_seopress_robots_index":""},"product_brand":[],"product_cat":[15],"product_tag":[],"class_list":{"0":"post-7409","1":"product","2":"type-product","3":"status-publish","4":"has-post-thumbnail","6":"product_cat-all-products","8":"first","9":"instock","10":"taxable","11":"shipping-taxable","12":"purchasable","13":"product-type-simple"},"_links":{"self":[{"href":"https:\/\/candeebaar.ee\/lv\/wp-json\/wp\/v2\/product\/7409","targetHints":{"allow":["GET"]}}],"collection":[{"href":"https:\/\/candeebaar.ee\/lv\/wp-json\/wp\/v2\/product"}],"about":[{"href":"https:\/\/candeebaar.ee\/lv\/wp-json\/wp\/v2\/types\/product"}],"version-history":[{"count":1,"href":"https:\/\/candeebaar.ee\/lv\/wp-json\/wp\/v2\/product\/7409\/revisions"}],"predecessor-version":[{"id":7410,"href":"https:\/\/candeebaar.ee\/lv\/wp-json\/wp\/v2\/product\/7409\/revisions\/7410"}],"wp:featuredmedia":[{"embeddable":true,"href":"https:\/\/candeebaar.ee\/lv\/wp-json\/wp\/v2\/media\/6806"}],"wp:attachment":[{"href":"https:\/\/candeebaar.ee\/lv\/wp-json\/wp\/v2\/media?parent=7409"}],"wp:term":[{"taxonomy":"product_brand","embeddable":true,"href":"https:\/\/candeebaar.ee\/lv\/wp-json\/wp\/v2\/product_brand?post=7409"},{"taxonomy":"product_cat","embeddable":true,"href":"https:\/\/candeebaar.ee\/lv\/wp-json\/wp\/v2\/product_cat?post=7409"},{"taxonomy":"product_tag","embeddable":true,"href":"https:\/\/candeebaar.ee\/lv\/wp-json\/wp\/v2\/product_tag?post=7409"}],"curies":[{"name":"wp","href":"https:\/\/api.w.org\/{rel}","templated":true}]}}