{"id":7417,"date":"2024-12-31T20:14:28","date_gmt":"2024-12-31T20:14:28","guid":{"rendered":"https:\/\/storetest.ivi.ee\/product\/pastry-bag-thick-53cm-1pc\/"},"modified":"2026-03-13T10:20:36","modified_gmt":"2026-03-13T08:20:36","slug":"konditorejas-maisins-biezs-53cm-1gab","status":"publish","type":"product","link":"https:\/\/candeebaar.ee\/lv\/veikals\/konditorejas-maisins-biezs-53cm-1gab\/","title":{"rendered":"Konditorejas maisi\u0146\u0161, biezs 53 cm (1 gab.)"},"content":{"rendered":"<p>Soma izgatavota no bieza polietil\u0113na, piem\u0113rota bl\u012bv\u0101kaj\u0101m kompoz\u012bcij\u0101m.<br \/>\nIzm\u0113rs: 28x53cm<br \/>\nRa\u017eot\u0101js: Martellato, It\u0101lija<\/p>","protected":false},"excerpt":{"rendered":"<p>Soma izgatavota no bieza polietil\u0113na, piem\u0113rota bl\u012bv\u0101kaj\u0101m kompoz\u012bcij\u0101m. Izm\u0113rs: 28x53cm Ra\u017eot\u0101js: Martellato, It\u0101lija<\/p>","protected":false},"featured_media":7419,"template":"","meta":{"_seopress_robots_primary_cat":"none","_seopress_titles_title":"","_seopress_titles_desc":"","_seopress_robots_index":""},"product_brand":[],"product_cat":[15,85],"product_tag":[],"class_list":{"0":"post-7417","1":"product","2":"type-product","3":"status-publish","4":"has-post-thumbnail","6":"product_cat-all-products","7":"product_cat-piping-bags","9":"first","10":"instock","11":"taxable","12":"shipping-taxable","13":"purchasable","14":"product-type-simple"},"_links":{"self":[{"href":"https:\/\/candeebaar.ee\/lv\/wp-json\/wp\/v2\/product\/7417","targetHints":{"allow":["GET"]}}],"collection":[{"href":"https:\/\/candeebaar.ee\/lv\/wp-json\/wp\/v2\/product"}],"about":[{"href":"https:\/\/candeebaar.ee\/lv\/wp-json\/wp\/v2\/types\/product"}],"version-history":[{"count":1,"href":"https:\/\/candeebaar.ee\/lv\/wp-json\/wp\/v2\/product\/7417\/revisions"}],"predecessor-version":[{"id":7418,"href":"https:\/\/candeebaar.ee\/lv\/wp-json\/wp\/v2\/product\/7417\/revisions\/7418"}],"wp:featuredmedia":[{"embeddable":true,"href":"https:\/\/candeebaar.ee\/lv\/wp-json\/wp\/v2\/media\/7419"}],"wp:attachment":[{"href":"https:\/\/candeebaar.ee\/lv\/wp-json\/wp\/v2\/media?parent=7417"}],"wp:term":[{"taxonomy":"product_brand","embeddable":true,"href":"https:\/\/candeebaar.ee\/lv\/wp-json\/wp\/v2\/product_brand?post=7417"},{"taxonomy":"product_cat","embeddable":true,"href":"https:\/\/candeebaar.ee\/lv\/wp-json\/wp\/v2\/product_cat?post=7417"},{"taxonomy":"product_tag","embeddable":true,"href":"https:\/\/candeebaar.ee\/lv\/wp-json\/wp\/v2\/product_tag?post=7417"}],"curies":[{"name":"wp","href":"https:\/\/api.w.org\/{rel}","templated":true}]}}