{"id":7423,"date":"2024-12-31T20:14:28","date_gmt":"2024-12-31T20:14:28","guid":{"rendered":"https:\/\/storetest.ivi.ee\/product\/metal-cooling-rack-4025cm\/"},"modified":"2025-08-06T23:17:20","modified_gmt":"2025-08-06T21:17:20","slug":"metala-dzesesanas-stativs-4025cm","status":"publish","type":"product","link":"https:\/\/candeebaar.ee\/lv\/veikals\/metala-dzesesanas-stativs-4025cm\/","title":{"rendered":"Met\u0101la dzes\u0113\u0161anas stat\u012bvs 40*25cm"},"content":{"rendered":"<p>Met\u0101la dzes\u0113\u0161anas stat\u012bvs<br \/>\nIzm\u0113rs: 40,5*25cm<br \/>\n1 \u0161\u016bna: 15 * 15 mm<br \/>\nAugstums: 2cm<\/p>","protected":false},"excerpt":{"rendered":"<p>Met\u0101la dzes\u0113\u0161anas stat\u012bvs Izm\u0113rs: 40,5*25cm 1 \u0161\u016bna: 15*15mm Augstums: 2cm<\/p>","protected":false},"featured_media":7425,"template":"","meta":{"_seopress_robots_primary_cat":"none","_seopress_titles_title":"","_seopress_titles_desc":"","_seopress_robots_index":""},"product_brand":[],"product_cat":[15,87,84],"product_tag":[],"class_list":{"0":"post-7423","1":"product","2":"type-product","3":"status-publish","4":"has-post-thumbnail","6":"product_cat-all-products","7":"product_cat-stands","8":"product_cat-tools","10":"first","11":"outofstock","12":"taxable","13":"shipping-taxable","14":"purchasable","15":"product-type-simple"},"_links":{"self":[{"href":"https:\/\/candeebaar.ee\/lv\/wp-json\/wp\/v2\/product\/7423","targetHints":{"allow":["GET"]}}],"collection":[{"href":"https:\/\/candeebaar.ee\/lv\/wp-json\/wp\/v2\/product"}],"about":[{"href":"https:\/\/candeebaar.ee\/lv\/wp-json\/wp\/v2\/types\/product"}],"version-history":[{"count":1,"href":"https:\/\/candeebaar.ee\/lv\/wp-json\/wp\/v2\/product\/7423\/revisions"}],"predecessor-version":[{"id":7424,"href":"https:\/\/candeebaar.ee\/lv\/wp-json\/wp\/v2\/product\/7423\/revisions\/7424"}],"wp:featuredmedia":[{"embeddable":true,"href":"https:\/\/candeebaar.ee\/lv\/wp-json\/wp\/v2\/media\/7425"}],"wp:attachment":[{"href":"https:\/\/candeebaar.ee\/lv\/wp-json\/wp\/v2\/media?parent=7423"}],"wp:term":[{"taxonomy":"product_brand","embeddable":true,"href":"https:\/\/candeebaar.ee\/lv\/wp-json\/wp\/v2\/product_brand?post=7423"},{"taxonomy":"product_cat","embeddable":true,"href":"https:\/\/candeebaar.ee\/lv\/wp-json\/wp\/v2\/product_cat?post=7423"},{"taxonomy":"product_tag","embeddable":true,"href":"https:\/\/candeebaar.ee\/lv\/wp-json\/wp\/v2\/product_tag?post=7423"}],"curies":[{"name":"wp","href":"https:\/\/api.w.org\/{rel}","templated":true}]}}