{"id":7429,"date":"2024-12-31T20:14:28","date_gmt":"2024-12-31T20:14:28","guid":{"rendered":"https:\/\/storetest.ivi.ee\/product\/dessert-stand-pink-32cm\/"},"modified":"2026-03-08T09:16:34","modified_gmt":"2026-03-08T07:16:34","slug":"desertu-stativs-roza-32cm","status":"publish","type":"product","link":"https:\/\/candeebaar.ee\/lv\/veikals\/desertu-stativs-roza-32cm\/","title":{"rendered":"Deserta stat\u012bvs roz\u0101 32cm"},"content":{"rendered":"<p>Skaists stat\u012bvs no bieza lamin\u0113ta kartona.<br \/>\nViegli saliekams un izjaucams.<br \/>\nAugstums: 32 cm<br \/>\nPak\u0101pieni: 30cm, 24cm, 18cm<br \/>\nKr\u0101sa: roz\u0101<\/p>","protected":false},"excerpt":{"rendered":"<p>Skaists stat\u012bvs no bieza lamin\u0113ta kartona. Viegli saliekams un izjaucams. Augstums: 32cm Pak\u0101pieni: 30cm, 24cm, 18cm Kr\u0101sa: roz\u0101<\/p>","protected":false},"featured_media":7431,"template":"","meta":{"_seopress_robots_primary_cat":"","_seopress_titles_title":"","_seopress_titles_desc":"","_seopress_robots_index":""},"product_brand":[],"product_cat":[15,87],"product_tag":[],"class_list":{"0":"post-7429","1":"product","2":"type-product","3":"status-publish","4":"has-post-thumbnail","6":"product_cat-all-products","7":"product_cat-stands","9":"first","10":"instock","11":"taxable","12":"shipping-taxable","13":"purchasable","14":"product-type-simple"},"_links":{"self":[{"href":"https:\/\/candeebaar.ee\/lv\/wp-json\/wp\/v2\/product\/7429","targetHints":{"allow":["GET"]}}],"collection":[{"href":"https:\/\/candeebaar.ee\/lv\/wp-json\/wp\/v2\/product"}],"about":[{"href":"https:\/\/candeebaar.ee\/lv\/wp-json\/wp\/v2\/types\/product"}],"version-history":[{"count":1,"href":"https:\/\/candeebaar.ee\/lv\/wp-json\/wp\/v2\/product\/7429\/revisions"}],"predecessor-version":[{"id":7430,"href":"https:\/\/candeebaar.ee\/lv\/wp-json\/wp\/v2\/product\/7429\/revisions\/7430"}],"wp:featuredmedia":[{"embeddable":true,"href":"https:\/\/candeebaar.ee\/lv\/wp-json\/wp\/v2\/media\/7431"}],"wp:attachment":[{"href":"https:\/\/candeebaar.ee\/lv\/wp-json\/wp\/v2\/media?parent=7429"}],"wp:term":[{"taxonomy":"product_brand","embeddable":true,"href":"https:\/\/candeebaar.ee\/lv\/wp-json\/wp\/v2\/product_brand?post=7429"},{"taxonomy":"product_cat","embeddable":true,"href":"https:\/\/candeebaar.ee\/lv\/wp-json\/wp\/v2\/product_cat?post=7429"},{"taxonomy":"product_tag","embeddable":true,"href":"https:\/\/candeebaar.ee\/lv\/wp-json\/wp\/v2\/product_tag?post=7429"}],"curies":[{"name":"wp","href":"https:\/\/api.w.org\/{rel}","templated":true}]}}