{"id":7435,"date":"2024-12-31T20:14:28","date_gmt":"2024-12-31T20:14:28","guid":{"rendered":"https:\/\/storetest.ivi.ee\/product\/straight-spatula-10cm\/"},"modified":"2026-04-06T07:20:41","modified_gmt":"2026-04-06T05:20:41","slug":"taisna-lapstina-10cm","status":"publish","type":"product","link":"https:\/\/candeebaar.ee\/lv\/veikals\/taisna-lapstina-10cm\/","title":{"rendered":"Taisna l\u0101psti\u0146a 10cm"},"content":{"rendered":"<p>Met\u0101la taisna l\u0101psti\u0146a darbam ar kr\u0113mu.<br \/>\nVienk\u0101r\u0161a iztur\u012bga konstrukcija.<br \/>\nIzm\u0113rs: 27cm*3cm (darba da\u013ca 10cm)<\/p>","protected":false},"excerpt":{"rendered":"<p>Met\u0101la taisna l\u0101psti\u0146a darbam ar kr\u0113mu. Vienk\u0101r\u0161a iztur\u012bga konstrukcija. Izm\u0113rs: 27cm*3cm (darba da\u013ca 10cm)<\/p>","protected":false},"featured_media":7437,"template":"","meta":{"_seopress_robots_primary_cat":"none","_seopress_titles_title":"","_seopress_titles_desc":"","_seopress_robots_index":""},"product_brand":[],"product_cat":[15,84],"product_tag":[],"class_list":{"0":"post-7435","1":"product","2":"type-product","3":"status-publish","4":"has-post-thumbnail","6":"product_cat-all-products","7":"product_cat-tools","9":"first","10":"instock","11":"taxable","12":"shipping-taxable","13":"purchasable","14":"product-type-simple"},"_links":{"self":[{"href":"https:\/\/candeebaar.ee\/lv\/wp-json\/wp\/v2\/product\/7435","targetHints":{"allow":["GET"]}}],"collection":[{"href":"https:\/\/candeebaar.ee\/lv\/wp-json\/wp\/v2\/product"}],"about":[{"href":"https:\/\/candeebaar.ee\/lv\/wp-json\/wp\/v2\/types\/product"}],"version-history":[{"count":2,"href":"https:\/\/candeebaar.ee\/lv\/wp-json\/wp\/v2\/product\/7435\/revisions"}],"predecessor-version":[{"id":16112,"href":"https:\/\/candeebaar.ee\/lv\/wp-json\/wp\/v2\/product\/7435\/revisions\/16112"}],"wp:featuredmedia":[{"embeddable":true,"href":"https:\/\/candeebaar.ee\/lv\/wp-json\/wp\/v2\/media\/7437"}],"wp:attachment":[{"href":"https:\/\/candeebaar.ee\/lv\/wp-json\/wp\/v2\/media?parent=7435"}],"wp:term":[{"taxonomy":"product_brand","embeddable":true,"href":"https:\/\/candeebaar.ee\/lv\/wp-json\/wp\/v2\/product_brand?post=7435"},{"taxonomy":"product_cat","embeddable":true,"href":"https:\/\/candeebaar.ee\/lv\/wp-json\/wp\/v2\/product_cat?post=7435"},{"taxonomy":"product_tag","embeddable":true,"href":"https:\/\/candeebaar.ee\/lv\/wp-json\/wp\/v2\/product_tag?post=7435"}],"curies":[{"name":"wp","href":"https:\/\/api.w.org\/{rel}","templated":true}]}}