{"id":7454,"date":"2024-12-31T20:14:28","date_gmt":"2024-12-31T20:14:28","guid":{"rendered":"https:\/\/storetest.ivi.ee\/product\/metal-rolling-pin-with-height-limiters-34cm\/"},"modified":"2026-03-31T12:16:53","modified_gmt":"2026-03-31T10:16:53","slug":"metala-ritosa-tapa-ar-augstuma-ierobezotajiem-34cm","status":"publish","type":"product","link":"https:\/\/candeebaar.ee\/lv\/veikals\/metala-ritosa-tapa-ar-augstuma-ierobezotajiem-34cm\/","title":{"rendered":"Met\u0101la rito\u0161\u0101 tapa ar augstuma ierobe\u017eot\u0101jiem 34cm"},"content":{"rendered":"<p>Profesion\u0101la rito\u0161\u0101 tapa ar augstuma ierobe\u017eot\u0101jiem, \u013cauj sasniegt vienm\u0113r\u012bgu sl\u0101ni.<br \/>\nDarba platums: 34 cm<br \/>\nGredzenu augstums: 2mm 3mm 6mm 10mm<br \/>\nMateri\u0101ls: ner\u016bs\u0113jo\u0161ais t\u0113rauds, plastmasa<\/p>","protected":false},"excerpt":{"rendered":"<p>Profesion\u0101la rito\u0161\u0101 tapa ar augstuma ierobe\u017eot\u0101jiem, \u013cauj sasniegt vienm\u0113r\u012bgu sl\u0101ni. Darba platums: 34cm Gredzenu augstums: 2mm 3mm 6mm 10mm Materi\u0101ls: ner\u016bs\u0113jo\u0161ais t\u0113rauds, plastmasa<\/p>","protected":false},"featured_media":7456,"template":"","meta":{"_seopress_robots_primary_cat":"none","_seopress_titles_title":"","_seopress_titles_desc":"","_seopress_robots_index":""},"product_brand":[],"product_cat":[15,84],"product_tag":[],"class_list":{"0":"post-7454","1":"product","2":"type-product","3":"status-publish","4":"has-post-thumbnail","6":"product_cat-all-products","7":"product_cat-tools","9":"first","10":"instock","11":"sale","12":"taxable","13":"shipping-taxable","14":"purchasable","15":"product-type-simple"},"_links":{"self":[{"href":"https:\/\/candeebaar.ee\/lv\/wp-json\/wp\/v2\/product\/7454","targetHints":{"allow":["GET"]}}],"collection":[{"href":"https:\/\/candeebaar.ee\/lv\/wp-json\/wp\/v2\/product"}],"about":[{"href":"https:\/\/candeebaar.ee\/lv\/wp-json\/wp\/v2\/types\/product"}],"version-history":[{"count":1,"href":"https:\/\/candeebaar.ee\/lv\/wp-json\/wp\/v2\/product\/7454\/revisions"}],"predecessor-version":[{"id":7455,"href":"https:\/\/candeebaar.ee\/lv\/wp-json\/wp\/v2\/product\/7454\/revisions\/7455"}],"wp:featuredmedia":[{"embeddable":true,"href":"https:\/\/candeebaar.ee\/lv\/wp-json\/wp\/v2\/media\/7456"}],"wp:attachment":[{"href":"https:\/\/candeebaar.ee\/lv\/wp-json\/wp\/v2\/media?parent=7454"}],"wp:term":[{"taxonomy":"product_brand","embeddable":true,"href":"https:\/\/candeebaar.ee\/lv\/wp-json\/wp\/v2\/product_brand?post=7454"},{"taxonomy":"product_cat","embeddable":true,"href":"https:\/\/candeebaar.ee\/lv\/wp-json\/wp\/v2\/product_cat?post=7454"},{"taxonomy":"product_tag","embeddable":true,"href":"https:\/\/candeebaar.ee\/lv\/wp-json\/wp\/v2\/product_tag?post=7454"}],"curies":[{"name":"wp","href":"https:\/\/api.w.org\/{rel}","templated":true}]}}