{"id":7457,"date":"2024-12-31T20:14:28","date_gmt":"2024-12-31T20:14:28","guid":{"rendered":"https:\/\/storetest.ivi.ee\/product\/plastic-rolling-pin-with-height-limiters-20cm\/"},"modified":"2026-03-31T12:17:10","modified_gmt":"2026-03-31T10:17:10","slug":"plastmasas-ritosa-tapa-ar-augstuma-ierobezotajiem-20cm","status":"publish","type":"product","link":"https:\/\/candeebaar.ee\/lv\/veikals\/plastmasas-ritosa-tapa-ar-augstuma-ierobezotajiem-20cm\/","title":{"rendered":"Plastmasas rito\u0161\u0101 tapa ar augstuma ierobe\u017eot\u0101jiem 20cm"},"content":{"rendered":"<p>Profesion\u0101la rito\u0161\u0101 tapa ar augstuma ierobe\u017eot\u0101jiem, nodro\u0161ina vienm\u0113r\u012bgu sl\u0101ni.<br \/>\nDarba platums: 20 cm<br \/>\nGredzenu augstums: 1mm un 2mm<br \/>\nMateri\u0101ls: plastmasa<br \/>\nRa\u017eot\u0101js: \u0136\u012bna<\/p>","protected":false},"excerpt":{"rendered":"<p>Profesion\u0101la rito\u0161\u0101 tapa ar augstuma ierobe\u017eot\u0101jiem, nodro\u0161ina vienm\u0113r\u012bgu sl\u0101ni. Darba platums: 20cm Gredzenu augstums: 1mm un 2mm Materi\u0101ls: plastmasa Ra\u017eot\u0101js: \u0136\u012bna<\/p>","protected":false},"featured_media":7459,"template":"","meta":{"_seopress_robots_primary_cat":"none","_seopress_titles_title":"","_seopress_titles_desc":"","_seopress_robots_index":""},"product_brand":[],"product_cat":[15,84],"product_tag":[],"class_list":{"0":"post-7457","1":"product","2":"type-product","3":"status-publish","4":"has-post-thumbnail","6":"product_cat-all-products","7":"product_cat-tools","9":"first","10":"instock","11":"taxable","12":"shipping-taxable","13":"purchasable","14":"product-type-simple"},"_links":{"self":[{"href":"https:\/\/candeebaar.ee\/lv\/wp-json\/wp\/v2\/product\/7457","targetHints":{"allow":["GET"]}}],"collection":[{"href":"https:\/\/candeebaar.ee\/lv\/wp-json\/wp\/v2\/product"}],"about":[{"href":"https:\/\/candeebaar.ee\/lv\/wp-json\/wp\/v2\/types\/product"}],"version-history":[{"count":1,"href":"https:\/\/candeebaar.ee\/lv\/wp-json\/wp\/v2\/product\/7457\/revisions"}],"predecessor-version":[{"id":7458,"href":"https:\/\/candeebaar.ee\/lv\/wp-json\/wp\/v2\/product\/7457\/revisions\/7458"}],"wp:featuredmedia":[{"embeddable":true,"href":"https:\/\/candeebaar.ee\/lv\/wp-json\/wp\/v2\/media\/7459"}],"wp:attachment":[{"href":"https:\/\/candeebaar.ee\/lv\/wp-json\/wp\/v2\/media?parent=7457"}],"wp:term":[{"taxonomy":"product_brand","embeddable":true,"href":"https:\/\/candeebaar.ee\/lv\/wp-json\/wp\/v2\/product_brand?post=7457"},{"taxonomy":"product_cat","embeddable":true,"href":"https:\/\/candeebaar.ee\/lv\/wp-json\/wp\/v2\/product_cat?post=7457"},{"taxonomy":"product_tag","embeddable":true,"href":"https:\/\/candeebaar.ee\/lv\/wp-json\/wp\/v2\/product_tag?post=7457"}],"curies":[{"name":"wp","href":"https:\/\/api.w.org\/{rel}","templated":true}]}}