{"id":7466,"date":"2024-12-31T20:14:34","date_gmt":"2024-12-31T20:14:34","guid":{"rendered":"https:\/\/storetest.ivi.ee\/product\/cupcake-baking-mold-50pcs-silver\/"},"modified":"2026-03-31T12:11:26","modified_gmt":"2026-03-31T10:11:26","slug":"cupcake-cepsanas-veidne-50gab-sudraba","status":"publish","type":"product","link":"https:\/\/candeebaar.ee\/lv\/veikals\/cupcake-cepsanas-veidne-50gab-sudraba\/","title":{"rendered":"K\u0113ksu cep\u0161anas veidne 50gab \u201cSudraba\u201d"},"content":{"rendered":"<p>Karstumiztur\u012bg\u0101 pap\u012bra veidne ir lieliski piem\u0113rota k\u0113ksu cep\u0161anai. Notur savu formu un neprasa papildu met\u0101la pamatni, pateicoties krokotajai aug\u0161\u0113jai malai.<br \/>\nApak\u0161\u0113j\u0101 diametrs: 5 cm<br \/>\nAug\u0161da\u013cas diametrs: 6,8 cm<br \/>\nAugstums: 3,8 cm<br \/>\nKr\u0101sa: sudraba<br \/>\nIepakojum\u0101 50gab.<\/p>","protected":false},"excerpt":{"rendered":"<p>Karstumiztur\u012bg\u0101 pap\u012bra veidne ir lieliski piem\u0113rota k\u0113ksu cep\u0161anai. Notur savu formu un neprasa papildu met\u0101la pamatni, pateicoties izliektajai aug\u0161\u0113jai malai. Apak\u0161\u0113jais diametrs: 5cm Aug\u0161\u0113jais diametrs: 6,8cm Augstums: 3,8cm Kr\u0101sa: sudraba Iepakojum\u0101 50gab.<\/p>","protected":false},"featured_media":7465,"template":"","meta":{"_seopress_robots_primary_cat":"none","_seopress_titles_title":"","_seopress_titles_desc":"","_seopress_robots_index":""},"product_brand":[],"product_cat":[182,181,15,117,90],"product_tag":[],"class_list":{"0":"post-7466","1":"product","2":"type-product","3":"status-publish","4":"has-post-thumbnail","6":"product_cat-christmas","7":"product_cat-christmas-new-year","8":"product_cat-all-products","9":"product_cat-paper","10":"product_cat-paper-cups-and-tulips","12":"first","13":"instock","14":"taxable","15":"shipping-taxable","16":"purchasable","17":"product-type-simple"},"_links":{"self":[{"href":"https:\/\/candeebaar.ee\/lv\/wp-json\/wp\/v2\/product\/7466","targetHints":{"allow":["GET"]}}],"collection":[{"href":"https:\/\/candeebaar.ee\/lv\/wp-json\/wp\/v2\/product"}],"about":[{"href":"https:\/\/candeebaar.ee\/lv\/wp-json\/wp\/v2\/types\/product"}],"version-history":[{"count":1,"href":"https:\/\/candeebaar.ee\/lv\/wp-json\/wp\/v2\/product\/7466\/revisions"}],"predecessor-version":[{"id":7467,"href":"https:\/\/candeebaar.ee\/lv\/wp-json\/wp\/v2\/product\/7466\/revisions\/7467"}],"wp:featuredmedia":[{"embeddable":true,"href":"https:\/\/candeebaar.ee\/lv\/wp-json\/wp\/v2\/media\/7465"}],"wp:attachment":[{"href":"https:\/\/candeebaar.ee\/lv\/wp-json\/wp\/v2\/media?parent=7466"}],"wp:term":[{"taxonomy":"product_brand","embeddable":true,"href":"https:\/\/candeebaar.ee\/lv\/wp-json\/wp\/v2\/product_brand?post=7466"},{"taxonomy":"product_cat","embeddable":true,"href":"https:\/\/candeebaar.ee\/lv\/wp-json\/wp\/v2\/product_cat?post=7466"},{"taxonomy":"product_tag","embeddable":true,"href":"https:\/\/candeebaar.ee\/lv\/wp-json\/wp\/v2\/product_tag?post=7466"}],"curies":[{"name":"wp","href":"https:\/\/api.w.org\/{rel}","templated":true}]}}