{"id":7481,"date":"2024-12-31T20:14:34","date_gmt":"2024-12-31T20:14:34","guid":{"rendered":"https:\/\/storetest.ivi.ee\/product\/box-for-4-cupcakes-double-sided-with-a-window\/"},"modified":"2026-04-02T11:09:54","modified_gmt":"2026-04-02T09:09:54","slug":"kaste-4-keksiem-abpuseja-ar-logu","status":"publish","type":"product","link":"https:\/\/candeebaar.ee\/lv\/veikals\/kaste-4-keksiem-abpuseja-ar-logu\/","title":{"rendered":"Kaste 4 k\u0113ksiem, abpus\u0113ja ar logu"},"content":{"rendered":"<p>Cupcake kaste.<br \/>\nTam ir \u012bpa\u0161s ieliktnis, kas dro\u0161i notur k\u016bci\u0146as viet\u0101. Logs no caursp\u012bd\u012bgas plastmasas.<br \/>\nPlatums: 16 cm<br \/>\nAugstums: 10 cm<br \/>\nDivpus\u0113js: balts un krafts<br \/>\nMateri\u0101ls: kartons<\/p>\n<p>&nbsp;<\/p>","protected":false},"excerpt":{"rendered":"<p>Cupcake kaste. Tam ir \u012bpa\u0161s ieliktnis, kas dro\u0161i notur k\u016bci\u0146as viet\u0101. Logs no caursp\u012bd\u012bgas plastmasas. Platums: 16 cm Augstums: 10 cm Divpus\u0113js: balts un krafts Materi\u0101ls: kartons &nbsp;<\/p>","protected":false},"featured_media":7483,"template":"","meta":{"_seopress_robots_primary_cat":"none","_seopress_titles_title":"","_seopress_titles_desc":"","_seopress_robots_index":""},"product_brand":[],"product_cat":[15,152],"product_tag":[],"class_list":{"0":"post-7481","1":"product","2":"type-product","3":"status-publish","4":"has-post-thumbnail","6":"product_cat-all-products","7":"product_cat-cupcakes","9":"first","10":"outofstock","11":"taxable","12":"shipping-taxable","13":"purchasable","14":"product-type-simple"},"_links":{"self":[{"href":"https:\/\/candeebaar.ee\/lv\/wp-json\/wp\/v2\/product\/7481","targetHints":{"allow":["GET"]}}],"collection":[{"href":"https:\/\/candeebaar.ee\/lv\/wp-json\/wp\/v2\/product"}],"about":[{"href":"https:\/\/candeebaar.ee\/lv\/wp-json\/wp\/v2\/types\/product"}],"version-history":[{"count":2,"href":"https:\/\/candeebaar.ee\/lv\/wp-json\/wp\/v2\/product\/7481\/revisions"}],"predecessor-version":[{"id":13816,"href":"https:\/\/candeebaar.ee\/lv\/wp-json\/wp\/v2\/product\/7481\/revisions\/13816"}],"wp:featuredmedia":[{"embeddable":true,"href":"https:\/\/candeebaar.ee\/lv\/wp-json\/wp\/v2\/media\/7483"}],"wp:attachment":[{"href":"https:\/\/candeebaar.ee\/lv\/wp-json\/wp\/v2\/media?parent=7481"}],"wp:term":[{"taxonomy":"product_brand","embeddable":true,"href":"https:\/\/candeebaar.ee\/lv\/wp-json\/wp\/v2\/product_brand?post=7481"},{"taxonomy":"product_cat","embeddable":true,"href":"https:\/\/candeebaar.ee\/lv\/wp-json\/wp\/v2\/product_cat?post=7481"},{"taxonomy":"product_tag","embeddable":true,"href":"https:\/\/candeebaar.ee\/lv\/wp-json\/wp\/v2\/product_tag?post=7481"}],"curies":[{"name":"wp","href":"https:\/\/api.w.org\/{rel}","templated":true}]}}