{"id":7499,"date":"2024-12-31T20:14:34","date_gmt":"2024-12-31T20:14:34","guid":{"rendered":"https:\/\/storetest.ivi.ee\/product\/white-cake-base-3030cm3mm-square\/"},"modified":"2026-03-30T11:19:12","modified_gmt":"2026-03-30T09:19:12","slug":"balta-kukas-pamatne-3030cm3mm-kvadrats","status":"publish","type":"product","link":"https:\/\/candeebaar.ee\/lv\/veikals\/balta-kukas-pamatne-3030cm3mm-kvadrats\/","title":{"rendered":"Balts k\u016bkas d\u0113lis 29*29cm*3mm kvadr\u0101ts"},"content":{"rendered":"<p>Kvadr\u0101tveida pamatne no bl\u012bva pastiprin\u0101ta kartona, mitrumiztur\u012bga un taukiztur\u012bga.<br \/>\nKr\u0101sa: balta<br \/>\nIzm\u0113rs: 290 * 290 mm<br \/>\nBiezums: 3mm<\/p>","protected":false},"excerpt":{"rendered":"<p>Kvadr\u0101tveida pamatne izgatavota no bl\u012bva, pastiprin\u0101ta kartona, mitrumiztur\u012bga un taukiem iztur\u012bga. Kr\u0101sa: balta. Izm\u0113rs: 290 * 290 mm. Biezums: 3 mm.<\/p>","protected":false},"featured_media":7501,"template":"","meta":{"_seopress_robots_primary_cat":"none","_seopress_titles_title":"","_seopress_titles_desc":"","_seopress_robots_index":""},"product_brand":[],"product_cat":[15,147,149],"product_tag":[],"class_list":{"0":"post-7499","1":"product","2":"type-product","3":"status-publish","4":"has-post-thumbnail","6":"product_cat-all-products","7":"product_cat-30cm","8":"product_cat-square-and-rectangular","10":"first","11":"outofstock","12":"taxable","13":"shipping-taxable","14":"purchasable","15":"product-type-simple"},"_links":{"self":[{"href":"https:\/\/candeebaar.ee\/lv\/wp-json\/wp\/v2\/product\/7499","targetHints":{"allow":["GET"]}}],"collection":[{"href":"https:\/\/candeebaar.ee\/lv\/wp-json\/wp\/v2\/product"}],"about":[{"href":"https:\/\/candeebaar.ee\/lv\/wp-json\/wp\/v2\/types\/product"}],"version-history":[{"count":3,"href":"https:\/\/candeebaar.ee\/lv\/wp-json\/wp\/v2\/product\/7499\/revisions"}],"predecessor-version":[{"id":12803,"href":"https:\/\/candeebaar.ee\/lv\/wp-json\/wp\/v2\/product\/7499\/revisions\/12803"}],"wp:featuredmedia":[{"embeddable":true,"href":"https:\/\/candeebaar.ee\/lv\/wp-json\/wp\/v2\/media\/7501"}],"wp:attachment":[{"href":"https:\/\/candeebaar.ee\/lv\/wp-json\/wp\/v2\/media?parent=7499"}],"wp:term":[{"taxonomy":"product_brand","embeddable":true,"href":"https:\/\/candeebaar.ee\/lv\/wp-json\/wp\/v2\/product_brand?post=7499"},{"taxonomy":"product_cat","embeddable":true,"href":"https:\/\/candeebaar.ee\/lv\/wp-json\/wp\/v2\/product_cat?post=7499"},{"taxonomy":"product_tag","embeddable":true,"href":"https:\/\/candeebaar.ee\/lv\/wp-json\/wp\/v2\/product_tag?post=7499"}],"curies":[{"name":"wp","href":"https:\/\/api.w.org\/{rel}","templated":true}]}}