{"id":7509,"date":"2024-12-31T20:14:34","date_gmt":"2024-12-31T20:14:34","guid":{"rendered":"https:\/\/storetest.ivi.ee\/product\/gift-box-for-cake-303040cm-white-transparent\/"},"modified":"2026-04-08T09:42:04","modified_gmt":"2026-04-08T07:42:04","slug":"davanu-kastite-kukai-303040cm-balta-caurspidiga","status":"publish","type":"product","link":"https:\/\/candeebaar.ee\/lv\/veikals\/davanu-kastite-kukai-303040cm-balta-caurspidiga\/","title":{"rendered":"D\u0101vanu kast\u012bte k\u016bkai 30*30*40cm balta\/caursp\u012bd\u012bga"},"content":{"rendered":"<p>D\u0101vanu kast\u012bte k\u016bkai ar caursp\u012bd\u012bgu korpusu \u013cauj pasniegt k\u016bku vislab\u0101kaj\u0101 iesp\u0113jamaj\u0101 veid\u0101!<br \/>\nKaste sast\u0101v no 3 da\u013c\u0101m.<br \/>\nApak\u0161\u0101: uzticama pamatne ar 12mm augstumu, iepriek\u0161 samont\u0113ta, ar stingru strukt\u016bru, izgatavota no balta lamin\u0113ta kartona.<br \/>\nS\u0101nu da\u013ca: caursp\u012bd\u012bga plastmasa, viegli mont\u0113jama, ab\u0101s pus\u0113s ir aizsargpl\u0113ve (pl\u0113ve ir j\u0101no\u0146em pirms mont\u0101\u017eas, lai saglab\u0101tu perfektu st\u0101vokli).<br \/>\nV\u0101ks: balts kartons, nepiecie\u0161ama vid\u0113jas sare\u017e\u0123\u012bt\u012bbas mont\u0101\u017ea.<br \/>\nKastes izm\u0113rs: 30*30*40cm<br \/>\nDarba izm\u0113rs: 295*295*385mm<br \/>\nKastes elast\u012bba \u013cauj izmantot 295 mm vai 300 mm pamatni.<\/p>","protected":false},"excerpt":{"rendered":"<p>D\u0101vanu kast\u012bte k\u016bkai ar caursp\u012bd\u012bgu korpusu \u013cauj pasniegt k\u016bku vislab\u0101kaj\u0101 iesp\u0113jamaj\u0101 veid\u0101! Kaste sast\u0101v no 3 da\u013c\u0101m. Apak\u0161\u0101: uzticama pamatne ar 12mm augstumu, iepriek\u0161 samont\u0113ta, ar stingru strukt\u016bru, izgatavota no balta lamin\u0113ta kartona. S\u0101nu da\u013ca: caursp\u012bd\u012bga plastmasa, viegli mont\u0113jama, ar aizsarg\u0101jo\u0161u [\u2026]<\/p>","protected":false},"featured_media":7508,"template":"","meta":{"_seopress_robots_primary_cat":"none","_seopress_titles_title":"","_seopress_titles_desc":"","_seopress_robots_index":""},"product_brand":[],"product_cat":[180,15,134,136,93],"product_tag":[],"class_list":{"0":"post-7509","1":"product","2":"type-product","3":"status-publish","4":"has-post-thumbnail","6":"product_cat-wedding-products","7":"product_cat-all-products","8":"product_cat-30cm-base","9":"product_cat-tall-cake-boxes-h25cm","10":"product_cat-gift-packaging","12":"first","13":"instock","14":"taxable","15":"shipping-taxable","16":"purchasable","17":"product-type-simple"},"_links":{"self":[{"href":"https:\/\/candeebaar.ee\/lv\/wp-json\/wp\/v2\/product\/7509","targetHints":{"allow":["GET"]}}],"collection":[{"href":"https:\/\/candeebaar.ee\/lv\/wp-json\/wp\/v2\/product"}],"about":[{"href":"https:\/\/candeebaar.ee\/lv\/wp-json\/wp\/v2\/types\/product"}],"version-history":[{"count":1,"href":"https:\/\/candeebaar.ee\/lv\/wp-json\/wp\/v2\/product\/7509\/revisions"}],"predecessor-version":[{"id":7510,"href":"https:\/\/candeebaar.ee\/lv\/wp-json\/wp\/v2\/product\/7509\/revisions\/7510"}],"wp:featuredmedia":[{"embeddable":true,"href":"https:\/\/candeebaar.ee\/lv\/wp-json\/wp\/v2\/media\/7508"}],"wp:attachment":[{"href":"https:\/\/candeebaar.ee\/lv\/wp-json\/wp\/v2\/media?parent=7509"}],"wp:term":[{"taxonomy":"product_brand","embeddable":true,"href":"https:\/\/candeebaar.ee\/lv\/wp-json\/wp\/v2\/product_brand?post=7509"},{"taxonomy":"product_cat","embeddable":true,"href":"https:\/\/candeebaar.ee\/lv\/wp-json\/wp\/v2\/product_cat?post=7509"},{"taxonomy":"product_tag","embeddable":true,"href":"https:\/\/candeebaar.ee\/lv\/wp-json\/wp\/v2\/product_tag?post=7509"}],"curies":[{"name":"wp","href":"https:\/\/api.w.org\/{rel}","templated":true}]}}