{"id":7513,"date":"2024-12-31T20:14:34","date_gmt":"2024-12-31T20:14:34","guid":{"rendered":"https:\/\/storetest.ivi.ee\/product\/gift-box-for-cake-262624cm-white-transparent\/"},"modified":"2026-02-25T10:05:44","modified_gmt":"2026-02-25T08:05:44","slug":"davanu-kastite-kukai-262624cm-balta-caurspidiga","status":"publish","type":"product","link":"https:\/\/candeebaar.ee\/lv\/veikals\/davanu-kastite-kukai-262624cm-balta-caurspidiga\/","title":{"rendered":"D\u0101vanu kast\u012bte k\u016bkai 26*26*24cm balta\/caursp\u012bd\u012bga"},"content":{"rendered":"<p>D\u0101vanu kast\u012bte k\u016bkai ar caursp\u012bd\u012bgu korpusu, \u013cauj pasniegt k\u016bku vislab\u0101kaj\u0101 iesp\u0113jamaj\u0101 veid\u0101!<br \/>\nKaste sast\u0101v no 3 da\u013c\u0101m.<br \/>\nApak\u0161\u0101: uzticama pamatne ar 12mm augstumu, iepriek\u0161 samont\u0113ta, ar stingru strukt\u016bru, izgatavota no balta lamin\u0113ta kartona.<br \/>\nS\u0101nu da\u013ca: caursp\u012bd\u012bga plastmasa, viegli mont\u0113jama, ab\u0101s pus\u0113s ir aizsargpl\u0113ve (pl\u0113ve ir j\u0101no\u0146em pirms mont\u0101\u017eas, lai saglab\u0101tu perfektu st\u0101vokli).<br \/>\nV\u0101ks: balts kartons, nepiecie\u0161ama vid\u0113jas sare\u017e\u0123\u012bt\u012bbas mont\u0101\u017ea.<br \/>\nKastes izm\u0113rs: 26*26*24cm<br \/>\nDarba izm\u0113rs: 255*255*225mm<\/p>","protected":false},"excerpt":{"rendered":"<p>D\u0101vanu kast\u012bte k\u016bkai ar caursp\u012bd\u012bgu korpusu, \u013cauj pasniegt k\u016bku vislab\u0101kaj\u0101 iesp\u0113jamaj\u0101 veid\u0101! Kaste sast\u0101v no 3 da\u013c\u0101m. Apak\u0161\u0101: uzticama pamatne ar 12mm augstumu, iepriek\u0161 samont\u0113ta, ar stingru strukt\u016bru, izgatavota no balta lamin\u0113ta kartona. S\u0101nu da\u013ca: caursp\u012bd\u012bga plastmasa, viegli mont\u0113jama, ar aizsargpl\u0113vi [\u2026]<\/p>","protected":false},"featured_media":7507,"template":"","meta":{"_seopress_robots_primary_cat":"none","_seopress_titles_title":"","_seopress_titles_desc":"","_seopress_robots_index":""},"product_brand":[],"product_cat":[15,132,93],"product_tag":[],"class_list":{"0":"post-7513","1":"product","2":"type-product","3":"status-publish","4":"has-post-thumbnail","6":"product_cat-all-products","7":"product_cat-26-29cm-base","8":"product_cat-gift-packaging","10":"first","11":"instock","12":"taxable","13":"shipping-taxable","14":"purchasable","15":"product-type-simple"},"_links":{"self":[{"href":"https:\/\/candeebaar.ee\/lv\/wp-json\/wp\/v2\/product\/7513","targetHints":{"allow":["GET"]}}],"collection":[{"href":"https:\/\/candeebaar.ee\/lv\/wp-json\/wp\/v2\/product"}],"about":[{"href":"https:\/\/candeebaar.ee\/lv\/wp-json\/wp\/v2\/types\/product"}],"version-history":[{"count":1,"href":"https:\/\/candeebaar.ee\/lv\/wp-json\/wp\/v2\/product\/7513\/revisions"}],"predecessor-version":[{"id":7514,"href":"https:\/\/candeebaar.ee\/lv\/wp-json\/wp\/v2\/product\/7513\/revisions\/7514"}],"wp:featuredmedia":[{"embeddable":true,"href":"https:\/\/candeebaar.ee\/lv\/wp-json\/wp\/v2\/media\/7507"}],"wp:attachment":[{"href":"https:\/\/candeebaar.ee\/lv\/wp-json\/wp\/v2\/media?parent=7513"}],"wp:term":[{"taxonomy":"product_brand","embeddable":true,"href":"https:\/\/candeebaar.ee\/lv\/wp-json\/wp\/v2\/product_brand?post=7513"},{"taxonomy":"product_cat","embeddable":true,"href":"https:\/\/candeebaar.ee\/lv\/wp-json\/wp\/v2\/product_cat?post=7513"},{"taxonomy":"product_tag","embeddable":true,"href":"https:\/\/candeebaar.ee\/lv\/wp-json\/wp\/v2\/product_tag?post=7513"}],"curies":[{"name":"wp","href":"https:\/\/api.w.org\/{rel}","templated":true}]}}