{"id":7522,"date":"2024-12-31T20:14:40","date_gmt":"2024-12-31T20:14:40","guid":{"rendered":"https:\/\/storetest.ivi.ee\/product\/box-for-roll-with-window-150-250-80mm\/"},"modified":"2025-07-25T14:02:48","modified_gmt":"2025-07-25T12:02:48","slug":"kaste-rullim-ar-logu-150-250-80mm","status":"publish","type":"product","link":"https:\/\/candeebaar.ee\/lv\/veikals\/kaste-rullim-ar-logu-150-250-80mm\/","title":{"rendered":"Kaste rull\u012b\u0161u k\u016bkai ar logu 150 250 80mm"},"content":{"rendered":"<p>Kartona kast\u012bte, piem\u0113rota rull\u012b\u0161iem un citiem desertiem.<br \/>\nKr\u0101sa: balta<br \/>\nIzm\u0113rs: 150x250x80mm<\/p>","protected":false},"excerpt":{"rendered":"<p>Kartona kast\u012bte, piem\u0113rota rull\u012b\u0161iem un citiem desertiem. Kr\u0101sa: balta Izm\u0113rs: 150x250x80mm<\/p>","protected":false},"featured_media":7524,"template":"","meta":{"_seopress_robots_primary_cat":"","_seopress_titles_title":"","_seopress_titles_desc":"","_seopress_robots_index":""},"product_brand":[],"product_cat":[15,131,137],"product_tag":[],"class_list":{"0":"post-7522","1":"product","2":"type-product","3":"status-publish","4":"has-post-thumbnail","6":"product_cat-all-products","7":"product_cat-25cm-base","8":"product_cat-rectangular","10":"first","11":"outofstock","12":"taxable","13":"shipping-taxable","14":"purchasable","15":"product-type-simple"},"_links":{"self":[{"href":"https:\/\/candeebaar.ee\/lv\/wp-json\/wp\/v2\/product\/7522","targetHints":{"allow":["GET"]}}],"collection":[{"href":"https:\/\/candeebaar.ee\/lv\/wp-json\/wp\/v2\/product"}],"about":[{"href":"https:\/\/candeebaar.ee\/lv\/wp-json\/wp\/v2\/types\/product"}],"version-history":[{"count":3,"href":"https:\/\/candeebaar.ee\/lv\/wp-json\/wp\/v2\/product\/7522\/revisions"}],"predecessor-version":[{"id":9823,"href":"https:\/\/candeebaar.ee\/lv\/wp-json\/wp\/v2\/product\/7522\/revisions\/9823"}],"wp:featuredmedia":[{"embeddable":true,"href":"https:\/\/candeebaar.ee\/lv\/wp-json\/wp\/v2\/media\/7524"}],"wp:attachment":[{"href":"https:\/\/candeebaar.ee\/lv\/wp-json\/wp\/v2\/media?parent=7522"}],"wp:term":[{"taxonomy":"product_brand","embeddable":true,"href":"https:\/\/candeebaar.ee\/lv\/wp-json\/wp\/v2\/product_brand?post=7522"},{"taxonomy":"product_cat","embeddable":true,"href":"https:\/\/candeebaar.ee\/lv\/wp-json\/wp\/v2\/product_cat?post=7522"},{"taxonomy":"product_tag","embeddable":true,"href":"https:\/\/candeebaar.ee\/lv\/wp-json\/wp\/v2\/product_tag?post=7522"}],"curies":[{"name":"wp","href":"https:\/\/api.w.org\/{rel}","templated":true}]}}