{"id":7529,"date":"2024-12-31T20:14:40","date_gmt":"2024-12-31T20:14:40","guid":{"rendered":"https:\/\/storetest.ivi.ee\/product\/metal-ring-d125\/"},"modified":"2026-02-10T23:55:50","modified_gmt":"2026-02-10T21:55:50","slug":"metala-gredzens-d125","status":"publish","type":"product","link":"https:\/\/candeebaar.ee\/lv\/veikals\/metala-gredzens-d125\/","title":{"rendered":"Met\u0101la gredzens D125"},"content":{"rendered":"<p>Ciets t\u0113rauda gredzens. Uzticams un iztur\u012bgs jebkurai lieto\u0161anai.<br \/>\nT\u0113rauda biezums: 1mm<br \/>\nAugstums: 100mm<br \/>\nDiametrs: 125 mm<\/p>","protected":false},"excerpt":{"rendered":"<p>Iztur\u012bgs un iztur\u012bgs t\u0113rauda gredzens. T\u0113rauda biezums: 1 mm. Augstums: 100 mm. Diametrs: 125 mm.<\/p>","protected":false},"featured_media":7527,"template":"","meta":{"_seopress_robots_primary_cat":"","_seopress_titles_title":"","_seopress_titles_desc":"","_seopress_robots_index":""},"product_brand":[],"product_cat":[15,116],"product_tag":[],"class_list":{"0":"post-7529","1":"product","2":"type-product","3":"status-publish","4":"has-post-thumbnail","6":"product_cat-all-products","7":"product_cat-metal","9":"first","10":"instock","11":"taxable","12":"shipping-taxable","13":"purchasable","14":"product-type-simple"},"_links":{"self":[{"href":"https:\/\/candeebaar.ee\/lv\/wp-json\/wp\/v2\/product\/7529","targetHints":{"allow":["GET"]}}],"collection":[{"href":"https:\/\/candeebaar.ee\/lv\/wp-json\/wp\/v2\/product"}],"about":[{"href":"https:\/\/candeebaar.ee\/lv\/wp-json\/wp\/v2\/types\/product"}],"version-history":[{"count":1,"href":"https:\/\/candeebaar.ee\/lv\/wp-json\/wp\/v2\/product\/7529\/revisions"}],"predecessor-version":[{"id":7530,"href":"https:\/\/candeebaar.ee\/lv\/wp-json\/wp\/v2\/product\/7529\/revisions\/7530"}],"wp:featuredmedia":[{"embeddable":true,"href":"https:\/\/candeebaar.ee\/lv\/wp-json\/wp\/v2\/media\/7527"}],"wp:attachment":[{"href":"https:\/\/candeebaar.ee\/lv\/wp-json\/wp\/v2\/media?parent=7529"}],"wp:term":[{"taxonomy":"product_brand","embeddable":true,"href":"https:\/\/candeebaar.ee\/lv\/wp-json\/wp\/v2\/product_brand?post=7529"},{"taxonomy":"product_cat","embeddable":true,"href":"https:\/\/candeebaar.ee\/lv\/wp-json\/wp\/v2\/product_cat?post=7529"},{"taxonomy":"product_tag","embeddable":true,"href":"https:\/\/candeebaar.ee\/lv\/wp-json\/wp\/v2\/product_tag?post=7529"}],"curies":[{"name":"wp","href":"https:\/\/api.w.org\/{rel}","templated":true}]}}