{"id":7546,"date":"2024-12-31T20:14:40","date_gmt":"2024-12-31T20:14:40","guid":{"rendered":"https:\/\/storetest.ivi.ee\/product\/fuchsia-macaroon-box-1655cm\/"},"modified":"2026-02-08T20:47:19","modified_gmt":"2026-02-08T18:47:19","slug":"fuksijas-makaronu-kaste-1655cm","status":"publish","type":"product","link":"https:\/\/candeebaar.ee\/lv\/veikals\/fuksijas-makaronu-kaste-1655cm\/","title":{"rendered":"Fuksijas makaronu kast\u012bte 16*5*5cm"},"content":{"rendered":"<p>Makaronu kast\u012bte ar caursp\u012bd\u012bgu v\u0101ku.<br \/>\nMateri\u0101ls: kartons, plastmasa<br \/>\nIzm\u0113rs: 16*5*5cm<br \/>\nKr\u0101sa: fuksija<\/p>","protected":false},"excerpt":{"rendered":"<p>Makaronu kast\u012bte ar caursp\u012bd\u012bgu v\u0101ku. Materi\u0101ls: kartons, plastmasa Izm\u0113rs: 16*5*5cm Kr\u0101sa: fuksija<\/p>","protected":false},"featured_media":7548,"template":"","meta":{"_seopress_robots_primary_cat":"none","_seopress_titles_title":"","_seopress_titles_desc":"","_seopress_robots_index":""},"product_brand":[],"product_cat":[15,151],"product_tag":[],"class_list":{"0":"post-7546","1":"product","2":"type-product","3":"status-publish","4":"has-post-thumbnail","6":"product_cat-all-products","7":"product_cat-macaron","9":"first","10":"instock","11":"taxable","12":"shipping-taxable","13":"purchasable","14":"product-type-simple"},"_links":{"self":[{"href":"https:\/\/candeebaar.ee\/lv\/wp-json\/wp\/v2\/product\/7546","targetHints":{"allow":["GET"]}}],"collection":[{"href":"https:\/\/candeebaar.ee\/lv\/wp-json\/wp\/v2\/product"}],"about":[{"href":"https:\/\/candeebaar.ee\/lv\/wp-json\/wp\/v2\/types\/product"}],"version-history":[{"count":1,"href":"https:\/\/candeebaar.ee\/lv\/wp-json\/wp\/v2\/product\/7546\/revisions"}],"predecessor-version":[{"id":7547,"href":"https:\/\/candeebaar.ee\/lv\/wp-json\/wp\/v2\/product\/7546\/revisions\/7547"}],"wp:featuredmedia":[{"embeddable":true,"href":"https:\/\/candeebaar.ee\/lv\/wp-json\/wp\/v2\/media\/7548"}],"wp:attachment":[{"href":"https:\/\/candeebaar.ee\/lv\/wp-json\/wp\/v2\/media?parent=7546"}],"wp:term":[{"taxonomy":"product_brand","embeddable":true,"href":"https:\/\/candeebaar.ee\/lv\/wp-json\/wp\/v2\/product_brand?post=7546"},{"taxonomy":"product_cat","embeddable":true,"href":"https:\/\/candeebaar.ee\/lv\/wp-json\/wp\/v2\/product_cat?post=7546"},{"taxonomy":"product_tag","embeddable":true,"href":"https:\/\/candeebaar.ee\/lv\/wp-json\/wp\/v2\/product_tag?post=7546"}],"curies":[{"name":"wp","href":"https:\/\/api.w.org\/{rel}","templated":true}]}}