{"id":7558,"date":"2024-12-31T20:14:40","date_gmt":"2024-12-31T20:14:40","guid":{"rendered":"https:\/\/storetest.ivi.ee\/product\/white-box-for-2-cupcakes-with-a-window\/"},"modified":"2026-03-28T21:25:18","modified_gmt":"2026-03-28T19:25:18","slug":"balta-kaste-2-keksiem-ar-logu","status":"publish","type":"product","link":"https:\/\/candeebaar.ee\/lv\/veikals\/balta-kaste-2-keksiem-ar-logu\/","title":{"rendered":"Balta kaste 2 k\u0113ksiem ar logu"},"content":{"rendered":"<p>Cupcake kaste.<br \/>\nTam ir \u012bpa\u0161s ieliktnis, kas dro\u0161i notur k\u016bci\u0146as viet\u0101. Logs no caursp\u012bd\u012bgas plastmasas.<br \/>\nPlatums: 9 cm<br \/>\nGarums: 16 cm<br \/>\nAugstums: 7,5 cm<br \/>\nKr\u0101sa: balta<br \/>\nMateri\u0101ls: kartons<br \/>\nViegli saliekams<\/p>\n<p>&nbsp;<\/p>","protected":false},"excerpt":{"rendered":"<p>Cupcake kaste. Tam ir \u012bpa\u0161s ieliktnis, kas dro\u0161i notur k\u016bci\u0146as viet\u0101. Logs no caursp\u012bd\u012bgas plastmasas. Platums: 9cm Garums: 16cm Augstums: 7,5cm Kr\u0101sa: balta Materi\u0101ls: kartons Viegli saliekams &nbsp;<\/p>","protected":false},"featured_media":7557,"template":"","meta":{"_seopress_robots_primary_cat":"none","_seopress_titles_title":"","_seopress_titles_desc":"","_seopress_robots_index":""},"product_brand":[],"product_cat":[15,152],"product_tag":[],"class_list":{"0":"post-7558","1":"product","2":"type-product","3":"status-publish","4":"has-post-thumbnail","6":"product_cat-all-products","7":"product_cat-cupcakes","9":"first","10":"instock","11":"taxable","12":"shipping-taxable","13":"purchasable","14":"product-type-simple"},"_links":{"self":[{"href":"https:\/\/candeebaar.ee\/lv\/wp-json\/wp\/v2\/product\/7558","targetHints":{"allow":["GET"]}}],"collection":[{"href":"https:\/\/candeebaar.ee\/lv\/wp-json\/wp\/v2\/product"}],"about":[{"href":"https:\/\/candeebaar.ee\/lv\/wp-json\/wp\/v2\/types\/product"}],"version-history":[{"count":2,"href":"https:\/\/candeebaar.ee\/lv\/wp-json\/wp\/v2\/product\/7558\/revisions"}],"predecessor-version":[{"id":13809,"href":"https:\/\/candeebaar.ee\/lv\/wp-json\/wp\/v2\/product\/7558\/revisions\/13809"}],"wp:featuredmedia":[{"embeddable":true,"href":"https:\/\/candeebaar.ee\/lv\/wp-json\/wp\/v2\/media\/7557"}],"wp:attachment":[{"href":"https:\/\/candeebaar.ee\/lv\/wp-json\/wp\/v2\/media?parent=7558"}],"wp:term":[{"taxonomy":"product_brand","embeddable":true,"href":"https:\/\/candeebaar.ee\/lv\/wp-json\/wp\/v2\/product_brand?post=7558"},{"taxonomy":"product_cat","embeddable":true,"href":"https:\/\/candeebaar.ee\/lv\/wp-json\/wp\/v2\/product_cat?post=7558"},{"taxonomy":"product_tag","embeddable":true,"href":"https:\/\/candeebaar.ee\/lv\/wp-json\/wp\/v2\/product_tag?post=7558"}],"curies":[{"name":"wp","href":"https:\/\/api.w.org\/{rel}","templated":true}]}}