{"id":7562,"date":"2024-12-31T20:14:40","date_gmt":"2024-12-31T20:14:40","guid":{"rendered":"https:\/\/storetest.ivi.ee\/product\/set-of-metal-ball-tools-for-modeling-3-18mm\/"},"modified":"2026-04-18T18:49:32","modified_gmt":"2026-04-18T16:49:32","slug":"metala-lodisu-instrumentu-komplekts-modelesanai-3-18mm","status":"publish","type":"product","link":"https:\/\/candeebaar.ee\/lv\/veikals\/metala-lodisu-instrumentu-komplekts-modelesanai-3-18mm\/","title":{"rendered":"Met\u0101la lod\u012b\u0161u instrumentu komplekts model\u0113\u0161anai 3-18mm"},"content":{"rendered":"<p>Model\u0113\u0161anas komplekts ir lieliski piem\u0113rots da\u017e\u0101du tr\u012bsdimensiju fig\u016bru veido\u0161anai no fondanta, marcip\u0101na un citiem materi\u0101liem.<br \/>\n Komplekt\u0101 ietilpst 4 instrumenti:<br \/>\n 3-5 mm<br \/>\n 7-11 mm<br \/>\n 9-15 mm<br \/>\n 10-18 mm<br \/>\n \u0112rti gumijoti rokturi, met\u0101la uzga\u013ci ar sp\u012bd\u012bgu virsmu.<\/p>","protected":false},"excerpt":{"rendered":"<p>Model\u0113\u0161anas komplekts ir lieliski piem\u0113rots da\u017e\u0101du tr\u012bsdimensiju fig\u016bru veido\u0161anai no fondanta, marcip\u0101na un citiem materi\u0101liem. Komplekt\u0101 4 instrumenti: 3-5mm 7-11mm 9-15mm 10-18mm \u0112rti gumijoti rokturi, met\u0101la uzga\u013ci ar sp\u012bd\u012bgu virsmu.<\/p>","protected":false},"featured_media":7564,"template":"","meta":{"_seopress_robots_primary_cat":"","_seopress_titles_title":"","_seopress_titles_desc":"","_seopress_robots_index":""},"product_brand":[],"product_cat":[15,84,109],"product_tag":[],"class_list":{"0":"post-7562","1":"product","2":"type-product","3":"status-publish","4":"has-post-thumbnail","6":"product_cat-all-products","7":"product_cat-tools","8":"product_cat-sale","10":"first","11":"instock","12":"sale","13":"taxable","14":"shipping-taxable","15":"purchasable","16":"product-type-simple"},"_links":{"self":[{"href":"https:\/\/candeebaar.ee\/lv\/wp-json\/wp\/v2\/product\/7562","targetHints":{"allow":["GET"]}}],"collection":[{"href":"https:\/\/candeebaar.ee\/lv\/wp-json\/wp\/v2\/product"}],"about":[{"href":"https:\/\/candeebaar.ee\/lv\/wp-json\/wp\/v2\/types\/product"}],"version-history":[{"count":1,"href":"https:\/\/candeebaar.ee\/lv\/wp-json\/wp\/v2\/product\/7562\/revisions"}],"predecessor-version":[{"id":7563,"href":"https:\/\/candeebaar.ee\/lv\/wp-json\/wp\/v2\/product\/7562\/revisions\/7563"}],"wp:featuredmedia":[{"embeddable":true,"href":"https:\/\/candeebaar.ee\/lv\/wp-json\/wp\/v2\/media\/7564"}],"wp:attachment":[{"href":"https:\/\/candeebaar.ee\/lv\/wp-json\/wp\/v2\/media?parent=7562"}],"wp:term":[{"taxonomy":"product_brand","embeddable":true,"href":"https:\/\/candeebaar.ee\/lv\/wp-json\/wp\/v2\/product_brand?post=7562"},{"taxonomy":"product_cat","embeddable":true,"href":"https:\/\/candeebaar.ee\/lv\/wp-json\/wp\/v2\/product_cat?post=7562"},{"taxonomy":"product_tag","embeddable":true,"href":"https:\/\/candeebaar.ee\/lv\/wp-json\/wp\/v2\/product_tag?post=7562"}],"curies":[{"name":"wp","href":"https:\/\/api.w.org\/{rel}","templated":true}]}}