{"id":7624,"date":"2024-12-31T20:14:53","date_gmt":"2024-12-31T20:14:53","guid":{"rendered":"https:\/\/storetest.ivi.ee\/product\/satin-ribbon-10mm22m-lilac\/"},"modified":"2026-03-02T09:46:04","modified_gmt":"2026-03-02T07:46:04","slug":"satina-lente-10mm22m-cerini","status":"publish","type":"product","link":"https:\/\/candeebaar.ee\/lv\/veikals\/satina-lente-10mm22m-cerini\/","title":{"rendered":"Sat\u012bna lente 10mm*22m Ceri\u0146i"},"content":{"rendered":"<p>Sat\u012bna lente.<br \/>\nIzm\u0113rs: 10mm*22m<br \/>\nKr\u0101sa: ceri\u0146i<\/p>","protected":false},"excerpt":{"rendered":"<p>Sat\u012bna lente. Izm\u0113rs: 10mm*22m Kr\u0101sa: ceri\u0146i<\/p>","protected":false},"featured_media":7216,"template":"","meta":{"_seopress_robots_primary_cat":"","_seopress_titles_title":"","_seopress_titles_desc":"","_seopress_robots_index":""},"product_brand":[],"product_cat":[183,15,91],"product_tag":[],"class_list":{"0":"post-7624","1":"product","2":"type-product","3":"status-publish","4":"has-post-thumbnail","6":"product_cat-valentines-day","7":"product_cat-all-products","8":"product_cat-satin-ribbons","10":"first","11":"instock","12":"taxable","13":"shipping-taxable","14":"purchasable","15":"product-type-simple"},"_links":{"self":[{"href":"https:\/\/candeebaar.ee\/lv\/wp-json\/wp\/v2\/product\/7624","targetHints":{"allow":["GET"]}}],"collection":[{"href":"https:\/\/candeebaar.ee\/lv\/wp-json\/wp\/v2\/product"}],"about":[{"href":"https:\/\/candeebaar.ee\/lv\/wp-json\/wp\/v2\/types\/product"}],"version-history":[{"count":1,"href":"https:\/\/candeebaar.ee\/lv\/wp-json\/wp\/v2\/product\/7624\/revisions"}],"predecessor-version":[{"id":7625,"href":"https:\/\/candeebaar.ee\/lv\/wp-json\/wp\/v2\/product\/7624\/revisions\/7625"}],"wp:featuredmedia":[{"embeddable":true,"href":"https:\/\/candeebaar.ee\/lv\/wp-json\/wp\/v2\/media\/7216"}],"wp:attachment":[{"href":"https:\/\/candeebaar.ee\/lv\/wp-json\/wp\/v2\/media?parent=7624"}],"wp:term":[{"taxonomy":"product_brand","embeddable":true,"href":"https:\/\/candeebaar.ee\/lv\/wp-json\/wp\/v2\/product_brand?post=7624"},{"taxonomy":"product_cat","embeddable":true,"href":"https:\/\/candeebaar.ee\/lv\/wp-json\/wp\/v2\/product_cat?post=7624"},{"taxonomy":"product_tag","embeddable":true,"href":"https:\/\/candeebaar.ee\/lv\/wp-json\/wp\/v2\/product_tag?post=7624"}],"curies":[{"name":"wp","href":"https:\/\/api.w.org\/{rel}","templated":true}]}}