{"id":7629,"date":"2024-12-31T20:14:53","date_gmt":"2024-12-31T20:14:53","guid":{"rendered":"https:\/\/storetest.ivi.ee\/product\/pastry-bags-20x30cm-100pcs\/"},"modified":"2026-04-05T14:04:55","modified_gmt":"2026-04-05T12:04:55","slug":"konditorejas-maisini-20x30cm-100gab","status":"publish","type":"product","link":"https:\/\/candeebaar.ee\/lv\/veikals\/konditorejas-maisini-20x30cm-100gab\/","title":{"rendered":"Konditorejas maisi\u0146i 20x30cm 100gab"},"content":{"rendered":"<p>Vienreizlietojamie maisi\u0146i kr\u0113mam, m\u012bklai, glaz\u016brai utt.<br \/>\nNorm\u0101las lieto\u0161anas apst\u0101k\u013cos var lietot vair\u0101kas reizes.<br \/>\nPlatums: 20 cm<br \/>\nGarums: 30cm<br \/>\nIepakojum\u0101 ir 100 gab<br \/>\nMateri\u0101ls: polietil\u0113ns<br \/>\nRa\u017eots: \u0136\u012bn\u0101<\/p>","protected":false},"excerpt":{"rendered":"<p>Vienreizlietojamie maisi\u0146i kr\u0113mam, m\u012bklai, glaz\u016brai utt. Norm\u0101l\u0101 lieto\u0161an\u0101 var izmantot vair\u0101kas reizes. Platums: 20 cm Garums: 30 cm Iepakojum\u0101 ir 100 gab. Materi\u0101ls: polietil\u0113ns Ra\u017eots: \u0136\u012bn\u0101<\/p>","protected":false},"featured_media":4869,"template":"","meta":{"_seopress_robots_primary_cat":"none","_seopress_titles_title":"","_seopress_titles_desc":"","_seopress_robots_index":""},"product_brand":[],"product_cat":[15,85],"product_tag":[],"class_list":{"0":"post-7629","1":"product","2":"type-product","3":"status-publish","4":"has-post-thumbnail","6":"product_cat-all-products","7":"product_cat-piping-bags","9":"first","10":"instock","11":"taxable","12":"shipping-taxable","13":"purchasable","14":"product-type-simple"},"_links":{"self":[{"href":"https:\/\/candeebaar.ee\/lv\/wp-json\/wp\/v2\/product\/7629","targetHints":{"allow":["GET"]}}],"collection":[{"href":"https:\/\/candeebaar.ee\/lv\/wp-json\/wp\/v2\/product"}],"about":[{"href":"https:\/\/candeebaar.ee\/lv\/wp-json\/wp\/v2\/types\/product"}],"version-history":[{"count":1,"href":"https:\/\/candeebaar.ee\/lv\/wp-json\/wp\/v2\/product\/7629\/revisions"}],"predecessor-version":[{"id":7630,"href":"https:\/\/candeebaar.ee\/lv\/wp-json\/wp\/v2\/product\/7629\/revisions\/7630"}],"wp:featuredmedia":[{"embeddable":true,"href":"https:\/\/candeebaar.ee\/lv\/wp-json\/wp\/v2\/media\/4869"}],"wp:attachment":[{"href":"https:\/\/candeebaar.ee\/lv\/wp-json\/wp\/v2\/media?parent=7629"}],"wp:term":[{"taxonomy":"product_brand","embeddable":true,"href":"https:\/\/candeebaar.ee\/lv\/wp-json\/wp\/v2\/product_brand?post=7629"},{"taxonomy":"product_cat","embeddable":true,"href":"https:\/\/candeebaar.ee\/lv\/wp-json\/wp\/v2\/product_cat?post=7629"},{"taxonomy":"product_tag","embeddable":true,"href":"https:\/\/candeebaar.ee\/lv\/wp-json\/wp\/v2\/product_tag?post=7629"}],"curies":[{"name":"wp","href":"https:\/\/api.w.org\/{rel}","templated":true}]}}