{"id":7636,"date":"2024-12-31T20:14:53","date_gmt":"2024-12-31T20:14:53","guid":{"rendered":"https:\/\/storetest.ivi.ee\/product\/white-fondant-modecor-pop-250g\/"},"modified":"2026-03-15T08:28:33","modified_gmt":"2026-03-15T06:28:33","slug":"balts-fondants-modecor-pop-250g","status":"publish","type":"product","link":"https:\/\/candeebaar.ee\/lv\/veikals\/balts-fondants-modecor-pop-250g\/","title":{"rendered":"Balts fondants Modecor POP 250g"},"content":{"rendered":"<p>Cukura pasta fig\u016bru model\u0113\u0161anai un desertu p\u0101rkl\u0101\u0161anai.<br \/>\nSast\u0101vs: Cukurs 74%, glikozes s\u012brups, augu e\u013c\u013ca (saulespu\u0137u, palmu), invert\u0113ts s\u012brups, stabilizatori E420ii, E415, E471, E330, aromatiz\u0113t\u0101js, E202, E300.<br \/>\nMasa:<strong> 250 g<\/strong><br \/>\nSast\u0101vs uz 100 g:<br \/>\nUzturv\u0113rt\u012bba: 1704 kJ 407 kcal<br \/>\nTauki (pies\u0101tin\u0101tie): 6,4 g (3,5 g)<br \/>\nOg\u013chidr\u0101ti (cukuri): 87 g (82 g)<br \/>\nOlbaltumvielas: 0g<br \/>\nS\u0101ls: 0,04 g<br \/>\nVar satur\u0113t <strong>piens, rieksti, soja<\/strong>.<br \/>\nUzglab\u0101t herm\u0113tisk\u0101 iepakojum\u0101 saus\u0101, tum\u0161\u0101 viet\u0101, temperat\u016br\u0101 no +8\u00b0C l\u012bdz +25\u00b0C<br \/>\nRa\u017eot\u0101js: Modecor, It\u0101lija<\/p>","protected":false},"excerpt":{"rendered":"<p>Cukura pasta fig\u016bru model\u0113\u0161anai un desertu p\u0101rkl\u0101\u0161anai. Sast\u0101vs: Cukurs 74%, glikozes s\u012brups, augu e\u013c\u013ca (saulespu\u0137u, palmu), apgrieztais s\u012brups, stabilizators E420ii, E415, E471, E330, aromatiz\u0113t\u0101js, E202, E300. Masa: 250g Saturs uz 100g: Uzturv\u0113rt\u012bba: 1704 kJ 407 kcal Tauki (pies\u0101tin\u0101tie): 6,4g (3,5g) Og\u013chidr\u0101ti (cukuri): 87g (82g) Olbaltumvielas: 0g S\u0101ls: 0,04g Var satur\u0113t pienu, riekstus. [\u2026]<\/p>","protected":false},"featured_media":4985,"template":"","meta":{"_seopress_robots_primary_cat":"","_seopress_titles_title":"","_seopress_titles_desc":"","_seopress_robots_index":""},"product_brand":[],"product_cat":[15,102],"product_tag":[],"class_list":{"0":"post-7636","1":"product","2":"type-product","3":"status-publish","4":"has-post-thumbnail","6":"product_cat-all-products","7":"product_cat-sugars","9":"first","10":"instock","11":"taxable","12":"shipping-taxable","13":"purchasable","14":"product-type-simple"},"_links":{"self":[{"href":"https:\/\/candeebaar.ee\/lv\/wp-json\/wp\/v2\/product\/7636","targetHints":{"allow":["GET"]}}],"collection":[{"href":"https:\/\/candeebaar.ee\/lv\/wp-json\/wp\/v2\/product"}],"about":[{"href":"https:\/\/candeebaar.ee\/lv\/wp-json\/wp\/v2\/types\/product"}],"version-history":[{"count":1,"href":"https:\/\/candeebaar.ee\/lv\/wp-json\/wp\/v2\/product\/7636\/revisions"}],"predecessor-version":[{"id":7637,"href":"https:\/\/candeebaar.ee\/lv\/wp-json\/wp\/v2\/product\/7636\/revisions\/7637"}],"wp:featuredmedia":[{"embeddable":true,"href":"https:\/\/candeebaar.ee\/lv\/wp-json\/wp\/v2\/media\/4985"}],"wp:attachment":[{"href":"https:\/\/candeebaar.ee\/lv\/wp-json\/wp\/v2\/media?parent=7636"}],"wp:term":[{"taxonomy":"product_brand","embeddable":true,"href":"https:\/\/candeebaar.ee\/lv\/wp-json\/wp\/v2\/product_brand?post=7636"},{"taxonomy":"product_cat","embeddable":true,"href":"https:\/\/candeebaar.ee\/lv\/wp-json\/wp\/v2\/product_cat?post=7636"},{"taxonomy":"product_tag","embeddable":true,"href":"https:\/\/candeebaar.ee\/lv\/wp-json\/wp\/v2\/product_tag?post=7636"}],"curies":[{"name":"wp","href":"https:\/\/api.w.org\/{rel}","templated":true}]}}