{"id":7652,"date":"2024-12-31T20:14:53","date_gmt":"2024-12-31T20:14:53","guid":{"rendered":"https:\/\/storetest.ivi.ee\/product\/box-for-cake-pops-215150305200mm\/"},"modified":"2026-03-10T12:39:27","modified_gmt":"2026-03-10T10:39:27","slug":"kaste-kuku-popiem-215150305200mm","status":"publish","type":"product","link":"https:\/\/candeebaar.ee\/lv\/veikals\/kaste-kuku-popiem-215150305200mm\/","title":{"rendered":"Kaste k\u016bku popiem 215*150*305(200)mm"},"content":{"rendered":"<p>Kast\u012bte k\u016bku popsiem, \u012bpa\u0161s dizains \u0113rtai transport\u0113\u0161anai un prezent\u0101cijai.<br \/>\n Pamatne \u2013 215*150mm, ar 18 caurumiem (\u223c3mm), kas dubl\u0113ti kastes dzi\u013cum\u0101 dro\u0161ai desertu novieto\u0161anai. Lietojot n\u016bjas ar diametru 4mm, ieteicams vispirms papla\u0161in\u0101t caurumus ar tuk\u0161u koci\u0146u, lai atvieglotu gatav\u0101 produkta uzst\u0101d\u012b\u0161anu.<br \/>\n V\u0101kam ir s\u0101nu logi, kop\u0113jais augstums \u2013 30cm, darba augstums \u2013 20cm. Sie\u0161anai un t\u0101l\u0101kai ne\u0161anai nepiecie\u0161ama lent\u012bte, kas (k\u0101 bild\u0113) notur pamatni un \u013cauj viegli no\u0146emt v\u0101ku p\u0113c attais\u012b\u0161anas.<br \/>\nKr\u0101sa: balta<br \/>\nMateri\u0101ls: kartons<br \/>\nKast\u012bte nav t\u0101 vienk\u0101r\u0161\u0101k saliekama, ta\u010du pieredz\u0113ju\u0161am konditoram ar to neb\u016bs gr\u016bti r\u012bkoties.<\/p>","protected":false},"excerpt":{"rendered":"<p>K\u0113ksi\u0146u k\u0101rba, \u012bpa\u0161s dizains \u0113rtai transport\u0113\u0161anai un prezent\u0113\u0161anai. Pamatne \u2013 215*150mm, ar 18 caurumiem (\u223c3mm), kas dubl\u0113ti k\u0101rbas dzi\u013cum\u0101, lai desertus var\u0113tu dro\u0161i ievietot. Izmantojot koci\u0146us ar 4mm diametru, ieteicams vispirms papla\u0161in\u0101t caurumus ar tuk\u0161u koci\u0146u, lai atvieglotu [\u2026]<\/p>","protected":false},"featured_media":7654,"template":"","meta":{"_seopress_robots_primary_cat":"","_seopress_titles_title":"","_seopress_titles_desc":"","_seopress_robots_index":""},"product_brand":[],"product_cat":[15,154,93],"product_tag":[],"class_list":{"0":"post-7652","1":"product","2":"type-product","3":"status-publish","4":"has-post-thumbnail","6":"product_cat-all-products","7":"product_cat-different-style","8":"product_cat-gift-packaging","10":"first","11":"instock","12":"taxable","13":"shipping-taxable","14":"purchasable","15":"product-type-simple"},"_links":{"self":[{"href":"https:\/\/candeebaar.ee\/lv\/wp-json\/wp\/v2\/product\/7652","targetHints":{"allow":["GET"]}}],"collection":[{"href":"https:\/\/candeebaar.ee\/lv\/wp-json\/wp\/v2\/product"}],"about":[{"href":"https:\/\/candeebaar.ee\/lv\/wp-json\/wp\/v2\/types\/product"}],"version-history":[{"count":1,"href":"https:\/\/candeebaar.ee\/lv\/wp-json\/wp\/v2\/product\/7652\/revisions"}],"predecessor-version":[{"id":7653,"href":"https:\/\/candeebaar.ee\/lv\/wp-json\/wp\/v2\/product\/7652\/revisions\/7653"}],"wp:featuredmedia":[{"embeddable":true,"href":"https:\/\/candeebaar.ee\/lv\/wp-json\/wp\/v2\/media\/7654"}],"wp:attachment":[{"href":"https:\/\/candeebaar.ee\/lv\/wp-json\/wp\/v2\/media?parent=7652"}],"wp:term":[{"taxonomy":"product_brand","embeddable":true,"href":"https:\/\/candeebaar.ee\/lv\/wp-json\/wp\/v2\/product_brand?post=7652"},{"taxonomy":"product_cat","embeddable":true,"href":"https:\/\/candeebaar.ee\/lv\/wp-json\/wp\/v2\/product_cat?post=7652"},{"taxonomy":"product_tag","embeddable":true,"href":"https:\/\/candeebaar.ee\/lv\/wp-json\/wp\/v2\/product_tag?post=7652"}],"curies":[{"name":"wp","href":"https:\/\/api.w.org\/{rel}","templated":true}]}}