{"id":7656,"date":"2024-12-31T20:14:53","date_gmt":"2024-12-31T20:14:53","guid":{"rendered":"https:\/\/storetest.ivi.ee\/product\/flower-box-230120340mm\/"},"modified":"2025-05-02T08:52:06","modified_gmt":"2025-05-02T06:52:06","slug":"puku-kaste-230120340mm","status":"publish","type":"product","link":"https:\/\/candeebaar.ee\/lv\/veikals\/puku-kaste-230120340mm\/","title":{"rendered":"Pu\u0137u kaste 230*120*340mm"},"content":{"rendered":"<p>Grozu kaste. Atv\u0113rtais dizains ir labi piem\u0113rots ziediem, desertiem un kombin\u0113t\u0101m d\u0101van\u0101m. Piem\u0113rots ar\u012b 2 Lieldienu k\u016bk\u0101m.<br \/>\nViegli saliekams.<br \/>\nIzm\u0113rs: 230*120*340mm<br \/>\nPamatnes augstums: 90 mm.<br \/>\nMateri\u0101ls: kartons<br \/>\nKr\u0101sa: balta<\/p>","protected":false},"excerpt":{"rendered":"<p>Grozu kaste. Atv\u0113rtais dizains ir labi piem\u0113rots ziediem, desertiem un kombin\u0113t\u0101m d\u0101van\u0101m. Piem\u0113rots ar\u012b 2 Lieldienu k\u016bk\u0101m. Viegli saliekams. Izm\u0113rs: 230*120*340mm Pamatnes augstums: 90mm. Materi\u0101ls: kartons Kr\u0101sa: balta<\/p>","protected":false},"featured_media":7658,"template":"","meta":{"_seopress_robots_primary_cat":"none","_seopress_titles_title":"","_seopress_titles_desc":"","_seopress_robots_index":""},"product_brand":[],"product_cat":[178,15,154,93],"product_tag":[175],"class_list":{"0":"post-7656","1":"product","2":"type-product","3":"status-publish","4":"has-post-thumbnail","6":"product_cat-easter-products","7":"product_cat-all-products","8":"product_cat-different-style","9":"product_cat-gift-packaging","10":"product_tag-easter","12":"first","13":"outofstock","14":"taxable","15":"shipping-taxable","16":"purchasable","17":"product-type-simple"},"_links":{"self":[{"href":"https:\/\/candeebaar.ee\/lv\/wp-json\/wp\/v2\/product\/7656","targetHints":{"allow":["GET"]}}],"collection":[{"href":"https:\/\/candeebaar.ee\/lv\/wp-json\/wp\/v2\/product"}],"about":[{"href":"https:\/\/candeebaar.ee\/lv\/wp-json\/wp\/v2\/types\/product"}],"version-history":[{"count":1,"href":"https:\/\/candeebaar.ee\/lv\/wp-json\/wp\/v2\/product\/7656\/revisions"}],"predecessor-version":[{"id":7657,"href":"https:\/\/candeebaar.ee\/lv\/wp-json\/wp\/v2\/product\/7656\/revisions\/7657"}],"wp:featuredmedia":[{"embeddable":true,"href":"https:\/\/candeebaar.ee\/lv\/wp-json\/wp\/v2\/media\/7658"}],"wp:attachment":[{"href":"https:\/\/candeebaar.ee\/lv\/wp-json\/wp\/v2\/media?parent=7656"}],"wp:term":[{"taxonomy":"product_brand","embeddable":true,"href":"https:\/\/candeebaar.ee\/lv\/wp-json\/wp\/v2\/product_brand?post=7656"},{"taxonomy":"product_cat","embeddable":true,"href":"https:\/\/candeebaar.ee\/lv\/wp-json\/wp\/v2\/product_cat?post=7656"},{"taxonomy":"product_tag","embeddable":true,"href":"https:\/\/candeebaar.ee\/lv\/wp-json\/wp\/v2\/product_tag?post=7656"}],"curies":[{"name":"wp","href":"https:\/\/api.w.org\/{rel}","templated":true}]}}