{"id":7659,"date":"2024-12-31T20:14:53","date_gmt":"2024-12-31T20:14:53","guid":{"rendered":"https:\/\/storetest.ivi.ee\/product\/white-flower-box-42cm\/"},"modified":"2025-02-24T20:28:27","modified_gmt":"2025-02-24T18:28:27","slug":"balta-puku-kaste-42cm","status":"publish","type":"product","link":"https:\/\/candeebaar.ee\/lv\/veikals\/balta-puku-kaste-42cm\/","title":{"rendered":"Balta pu\u0137u kaste 42cm"},"content":{"rendered":"<p>Kast\u012bte maziem pu\u0161\u0137iem, piem\u0113ram, 3 ziedi. Uzraksts: &quot;Liels paldies&quot;<br \/>\nVienk\u0101r\u0161s, ta\u010du ori\u0123in\u0101ls ziedu iepakojums.<br \/>\nMateri\u0101ls: kartons<br \/>\nIzm\u0113rs: 135*425mm<br \/>\nKr\u0101sa: balta<\/p>","protected":false},"excerpt":{"rendered":"<p>Kast\u012bte maziem pu\u0161\u0137iem, piem\u0113ram, 3 ziedi. Uzraksts: \u201cThank You So Much\u201d Vienk\u0101r\u0161s, bet ori\u0123in\u0101ls ziedu iepakojums. Materi\u0101ls: kartons Izm\u0113rs: 135*425mm Kr\u0101sa: balta<\/p>","protected":false},"featured_media":7661,"template":"","meta":{"_seopress_robots_primary_cat":"","_seopress_titles_title":"","_seopress_titles_desc":"","_seopress_robots_index":""},"product_brand":[],"product_cat":[15,93],"product_tag":[],"class_list":{"0":"post-7659","1":"product","2":"type-product","3":"status-publish","4":"has-post-thumbnail","6":"product_cat-all-products","7":"product_cat-gift-packaging","9":"first","10":"instock","11":"sale","12":"taxable","13":"shipping-taxable","14":"purchasable","15":"product-type-simple"},"_links":{"self":[{"href":"https:\/\/candeebaar.ee\/lv\/wp-json\/wp\/v2\/product\/7659","targetHints":{"allow":["GET"]}}],"collection":[{"href":"https:\/\/candeebaar.ee\/lv\/wp-json\/wp\/v2\/product"}],"about":[{"href":"https:\/\/candeebaar.ee\/lv\/wp-json\/wp\/v2\/types\/product"}],"version-history":[{"count":1,"href":"https:\/\/candeebaar.ee\/lv\/wp-json\/wp\/v2\/product\/7659\/revisions"}],"predecessor-version":[{"id":7660,"href":"https:\/\/candeebaar.ee\/lv\/wp-json\/wp\/v2\/product\/7659\/revisions\/7660"}],"wp:featuredmedia":[{"embeddable":true,"href":"https:\/\/candeebaar.ee\/lv\/wp-json\/wp\/v2\/media\/7661"}],"wp:attachment":[{"href":"https:\/\/candeebaar.ee\/lv\/wp-json\/wp\/v2\/media?parent=7659"}],"wp:term":[{"taxonomy":"product_brand","embeddable":true,"href":"https:\/\/candeebaar.ee\/lv\/wp-json\/wp\/v2\/product_brand?post=7659"},{"taxonomy":"product_cat","embeddable":true,"href":"https:\/\/candeebaar.ee\/lv\/wp-json\/wp\/v2\/product_cat?post=7659"},{"taxonomy":"product_tag","embeddable":true,"href":"https:\/\/candeebaar.ee\/lv\/wp-json\/wp\/v2\/product_tag?post=7659"}],"curies":[{"name":"wp","href":"https:\/\/api.w.org\/{rel}","templated":true}]}}