{"id":7679,"date":"2024-12-31T20:15:01","date_gmt":"2024-12-31T20:15:01","guid":{"rendered":"https:\/\/storetest.ivi.ee\/product\/french-star-nozzle-11mm\/"},"modified":"2025-05-09T09:09:07","modified_gmt":"2025-05-09T07:09:07","slug":"francu-zvaigznes-uzgalis-11mm","status":"publish","type":"product","link":"https:\/\/candeebaar.ee\/lv\/veikals\/francu-zvaigznes-uzgalis-11mm\/","title":{"rendered":"Fran\u010du zvaigznes uzgalis 11 mm"},"content":{"rendered":"<p>Ner\u016bs\u0113jo\u0161\u0101 t\u0113rauda konditorejas uzgalis.<br \/>\nIzeja: 11 mm<br \/>\nIzm\u0113rs: 47x30mm<\/p>","protected":false},"excerpt":{"rendered":"<p>Ner\u016bs\u0113jo\u0161\u0101 t\u0113rauda m\u012bklas sprausla. Izeja: 11 mm. Izm\u0113rs: 47 x 30 mm.<\/p>","protected":false},"featured_media":5171,"template":"","meta":{"_seopress_robots_primary_cat":"","_seopress_titles_title":"","_seopress_titles_desc":"","_seopress_robots_index":""},"product_brand":[],"product_cat":[15,120],"product_tag":[],"class_list":{"0":"post-7679","1":"product","2":"type-product","3":"status-publish","4":"has-post-thumbnail","6":"product_cat-all-products","7":"product_cat-open-star","9":"first","10":"outofstock","11":"taxable","12":"shipping-taxable","13":"purchasable","14":"product-type-simple"},"_links":{"self":[{"href":"https:\/\/candeebaar.ee\/lv\/wp-json\/wp\/v2\/product\/7679","targetHints":{"allow":["GET"]}}],"collection":[{"href":"https:\/\/candeebaar.ee\/lv\/wp-json\/wp\/v2\/product"}],"about":[{"href":"https:\/\/candeebaar.ee\/lv\/wp-json\/wp\/v2\/types\/product"}],"version-history":[{"count":1,"href":"https:\/\/candeebaar.ee\/lv\/wp-json\/wp\/v2\/product\/7679\/revisions"}],"predecessor-version":[{"id":7680,"href":"https:\/\/candeebaar.ee\/lv\/wp-json\/wp\/v2\/product\/7679\/revisions\/7680"}],"wp:featuredmedia":[{"embeddable":true,"href":"https:\/\/candeebaar.ee\/lv\/wp-json\/wp\/v2\/media\/5171"}],"wp:attachment":[{"href":"https:\/\/candeebaar.ee\/lv\/wp-json\/wp\/v2\/media?parent=7679"}],"wp:term":[{"taxonomy":"product_brand","embeddable":true,"href":"https:\/\/candeebaar.ee\/lv\/wp-json\/wp\/v2\/product_brand?post=7679"},{"taxonomy":"product_cat","embeddable":true,"href":"https:\/\/candeebaar.ee\/lv\/wp-json\/wp\/v2\/product_cat?post=7679"},{"taxonomy":"product_tag","embeddable":true,"href":"https:\/\/candeebaar.ee\/lv\/wp-json\/wp\/v2\/product_tag?post=7679"}],"curies":[{"name":"wp","href":"https:\/\/api.w.org\/{rel}","templated":true}]}}