{"id":7684,"date":"2024-12-31T20:15:01","date_gmt":"2024-12-31T20:15:01","guid":{"rendered":"https:\/\/storetest.ivi.ee\/product\/acetate-film-20cm10m-200mic\/"},"modified":"2026-01-27T20:42:56","modified_gmt":"2026-01-27T18:42:56","slug":"acetata-pleve-20cm10m-200mic","status":"publish","type":"product","link":"https:\/\/candeebaar.ee\/lv\/veikals\/acetata-pleve-20cm10m-200mic\/","title":{"rendered":"Acet\u0101ta pl\u0113ve 20cm*10m 200mic"},"content":{"rendered":"<p>Acet\u0101ta pl\u0113ve da\u017e\u0101diem m\u0113r\u0137iem.<br \/>\nIzm\u0113rs: 20cm*10m<br \/>\nBl\u012bvums: 200 mic<br \/>\nRa\u017eot\u0101js: \u0136\u012bna<\/p>","protected":false},"excerpt":{"rendered":"<p>Acet\u0101ta pl\u0113ve da\u017e\u0101diem m\u0113r\u0137iem. Izm\u0113rs: 20cm * 10m Bl\u012bvums: 200mic Ra\u017eot\u0101js: \u0136\u012bna<\/p>","protected":false},"featured_media":4937,"template":"","meta":{"_seopress_robots_primary_cat":"","_seopress_titles_title":"","_seopress_titles_desc":"","_seopress_robots_index":""},"product_brand":[],"product_cat":[15,92],"product_tag":[],"class_list":{"0":"post-7684","1":"product","2":"type-product","3":"status-publish","4":"has-post-thumbnail","6":"product_cat-all-products","7":"product_cat-acatate-films","9":"first","10":"instock","11":"sale","12":"taxable","13":"shipping-taxable","14":"purchasable","15":"product-type-simple"},"_links":{"self":[{"href":"https:\/\/candeebaar.ee\/lv\/wp-json\/wp\/v2\/product\/7684","targetHints":{"allow":["GET"]}}],"collection":[{"href":"https:\/\/candeebaar.ee\/lv\/wp-json\/wp\/v2\/product"}],"about":[{"href":"https:\/\/candeebaar.ee\/lv\/wp-json\/wp\/v2\/types\/product"}],"version-history":[{"count":1,"href":"https:\/\/candeebaar.ee\/lv\/wp-json\/wp\/v2\/product\/7684\/revisions"}],"predecessor-version":[{"id":7685,"href":"https:\/\/candeebaar.ee\/lv\/wp-json\/wp\/v2\/product\/7684\/revisions\/7685"}],"wp:featuredmedia":[{"embeddable":true,"href":"https:\/\/candeebaar.ee\/lv\/wp-json\/wp\/v2\/media\/4937"}],"wp:attachment":[{"href":"https:\/\/candeebaar.ee\/lv\/wp-json\/wp\/v2\/media?parent=7684"}],"wp:term":[{"taxonomy":"product_brand","embeddable":true,"href":"https:\/\/candeebaar.ee\/lv\/wp-json\/wp\/v2\/product_brand?post=7684"},{"taxonomy":"product_cat","embeddable":true,"href":"https:\/\/candeebaar.ee\/lv\/wp-json\/wp\/v2\/product_cat?post=7684"},{"taxonomy":"product_tag","embeddable":true,"href":"https:\/\/candeebaar.ee\/lv\/wp-json\/wp\/v2\/product_tag?post=7684"}],"curies":[{"name":"wp","href":"https:\/\/api.w.org\/{rel}","templated":true}]}}