{"id":7700,"date":"2024-12-31T20:15:01","date_gmt":"2024-12-31T20:15:01","guid":{"rendered":"https:\/\/storetest.ivi.ee\/product\/cupcake-baking-mold-100pcs-brown\/"},"modified":"2026-04-17T06:18:17","modified_gmt":"2026-04-17T04:18:17","slug":"cupcake-cepsanas-veidne-100gab-bruna","status":"publish","type":"product","link":"https:\/\/candeebaar.ee\/lv\/veikals\/cupcake-cepsanas-veidne-100gab-bruna\/","title":{"rendered":"K\u0113ksu cep\u0161anas veidne 100gab Br\u016bna"},"content":{"rendered":"<p>Pap\u012bra veidne ir lieliski piem\u0113rota k\u016bci\u0146u cep\u0161anai. Notur formu un neprasa papildus met\u0101la pamatni, pateicoties saliektajai aug\u0161\u0113jai malai.<br \/>\nApak\u0161\u0113j\u0101 diametrs: 5 cm<br \/>\nAug\u0161da\u013cas diametrs: 6,8 cm<br \/>\nAugstums: 3,8 cm<br \/>\nKr\u0101sa: br\u016bna<br \/>\nIepakojum\u0101 100gab.<\/p>","protected":false},"excerpt":{"rendered":"<p>Pap\u012bra veidne ir lieliski piem\u0113rota k\u016bci\u0146u cep\u0161anai. Notur formu un neprasa papildus met\u0101la pamatni, pateicoties saliektajai aug\u0161\u0113jai malai. Apak\u0161\u0113jais diametrs: 5cm Aug\u0161\u0113jais diametrs: 6,8cm Augstums: 3,8cm Kr\u0101sa: br\u016bns Iepakojum\u0101 100gab.<\/p>","protected":false},"featured_media":7691,"template":"","meta":{"_seopress_robots_primary_cat":"none","_seopress_titles_title":"","_seopress_titles_desc":"","_seopress_robots_index":""},"product_brand":[],"product_cat":[15,117,90],"product_tag":[],"class_list":{"0":"post-7700","1":"product","2":"type-product","3":"status-publish","4":"has-post-thumbnail","6":"product_cat-all-products","7":"product_cat-paper","8":"product_cat-paper-cups-and-tulips","10":"first","11":"instock","12":"taxable","13":"shipping-taxable","14":"purchasable","15":"product-type-simple"},"_links":{"self":[{"href":"https:\/\/candeebaar.ee\/lv\/wp-json\/wp\/v2\/product\/7700","targetHints":{"allow":["GET"]}}],"collection":[{"href":"https:\/\/candeebaar.ee\/lv\/wp-json\/wp\/v2\/product"}],"about":[{"href":"https:\/\/candeebaar.ee\/lv\/wp-json\/wp\/v2\/types\/product"}],"version-history":[{"count":1,"href":"https:\/\/candeebaar.ee\/lv\/wp-json\/wp\/v2\/product\/7700\/revisions"}],"predecessor-version":[{"id":7701,"href":"https:\/\/candeebaar.ee\/lv\/wp-json\/wp\/v2\/product\/7700\/revisions\/7701"}],"wp:featuredmedia":[{"embeddable":true,"href":"https:\/\/candeebaar.ee\/lv\/wp-json\/wp\/v2\/media\/7691"}],"wp:attachment":[{"href":"https:\/\/candeebaar.ee\/lv\/wp-json\/wp\/v2\/media?parent=7700"}],"wp:term":[{"taxonomy":"product_brand","embeddable":true,"href":"https:\/\/candeebaar.ee\/lv\/wp-json\/wp\/v2\/product_brand?post=7700"},{"taxonomy":"product_cat","embeddable":true,"href":"https:\/\/candeebaar.ee\/lv\/wp-json\/wp\/v2\/product_cat?post=7700"},{"taxonomy":"product_tag","embeddable":true,"href":"https:\/\/candeebaar.ee\/lv\/wp-json\/wp\/v2\/product_tag?post=7700"}],"curies":[{"name":"wp","href":"https:\/\/api.w.org\/{rel}","templated":true}]}}