{"id":7705,"date":"2024-12-31T20:15:01","date_gmt":"2024-12-31T20:15:01","guid":{"rendered":"https:\/\/storetest.ivi.ee\/product\/cake-base-0-5mm-18cm\/"},"modified":"2026-03-16T11:58:15","modified_gmt":"2026-03-16T09:58:15","slug":"kukas-pamatne-0-5mm-18cm","status":"publish","type":"product","link":"https:\/\/candeebaar.ee\/lv\/veikals\/kukas-pamatne-0-5mm-18cm\/","title":{"rendered":"K\u016bkas d\u0113lis 0,5mm 18cm"},"content":{"rendered":"<p>Vienk\u0101r\u0161a apa\u013ca kartona pamatne k\u016bk\u0101m, kur\u0101m nav nepiecie\u0161ami \u012bpa\u0161i apst\u0101k\u013ci.<br \/>\nMateri\u0101ls: kartons (ne lamin\u0113ts)<br \/>\nKr\u0101sa: b\u0113\u0161a<br \/>\nDiametrs: 18 cm<br \/>\nBiezums: 0,5 mm<\/p>","protected":false},"excerpt":{"rendered":"<p>Vienk\u0101r\u0161a apa\u013ca kartona pamatne k\u016bk\u0101m, kur\u0101m nav nepiecie\u0161ami \u012bpa\u0161i apst\u0101k\u013ci. Materi\u0101ls: kartons (ne lamin\u0113ts) Kr\u0101sa: b\u0113\u0161s Diametrs: 18cm Biezums: 0,5mm<\/p>","protected":false},"featured_media":7258,"template":"","meta":{"_seopress_robots_primary_cat":"none","_seopress_titles_title":"","_seopress_titles_desc":"","_seopress_robots_index":""},"product_brand":[],"product_cat":[15,140],"product_tag":[],"class_list":{"0":"post-7705","1":"product","2":"type-product","3":"status-publish","4":"has-post-thumbnail","6":"product_cat-all-products","7":"product_cat-18cm","9":"first","10":"instock","11":"taxable","12":"shipping-taxable","13":"purchasable","14":"product-type-simple"},"_links":{"self":[{"href":"https:\/\/candeebaar.ee\/lv\/wp-json\/wp\/v2\/product\/7705","targetHints":{"allow":["GET"]}}],"collection":[{"href":"https:\/\/candeebaar.ee\/lv\/wp-json\/wp\/v2\/product"}],"about":[{"href":"https:\/\/candeebaar.ee\/lv\/wp-json\/wp\/v2\/types\/product"}],"version-history":[{"count":2,"href":"https:\/\/candeebaar.ee\/lv\/wp-json\/wp\/v2\/product\/7705\/revisions"}],"predecessor-version":[{"id":9111,"href":"https:\/\/candeebaar.ee\/lv\/wp-json\/wp\/v2\/product\/7705\/revisions\/9111"}],"wp:featuredmedia":[{"embeddable":true,"href":"https:\/\/candeebaar.ee\/lv\/wp-json\/wp\/v2\/media\/7258"}],"wp:attachment":[{"href":"https:\/\/candeebaar.ee\/lv\/wp-json\/wp\/v2\/media?parent=7705"}],"wp:term":[{"taxonomy":"product_brand","embeddable":true,"href":"https:\/\/candeebaar.ee\/lv\/wp-json\/wp\/v2\/product_brand?post=7705"},{"taxonomy":"product_cat","embeddable":true,"href":"https:\/\/candeebaar.ee\/lv\/wp-json\/wp\/v2\/product_cat?post=7705"},{"taxonomy":"product_tag","embeddable":true,"href":"https:\/\/candeebaar.ee\/lv\/wp-json\/wp\/v2\/product_tag?post=7705"}],"curies":[{"name":"wp","href":"https:\/\/api.w.org\/{rel}","templated":true}]}}