{"id":7709,"date":"2024-12-31T20:15:01","date_gmt":"2024-12-31T20:15:01","guid":{"rendered":"https:\/\/storetest.ivi.ee\/product\/dummy-tier-for-cake-185cm\/"},"modified":"2025-11-07T10:04:59","modified_gmt":"2025-11-07T08:04:59","slug":"manekena-limenis-kukai-185cm","status":"publish","type":"product","link":"https:\/\/candeebaar.ee\/lv\/veikals\/manekena-limenis-kukai-185cm\/","title":{"rendered":"Manekena l\u012bmenis k\u016bkai 18*5cm"},"content":{"rendered":"<p>Manekens, kas izgatavots no put\u0101m, lieliski piem\u0113rots daudzpak\u0101pju k\u016bk\u0101m.<br \/>\nIzm\u0113rs: 18*5cm<br \/>\nRa\u017eot\u0101js: Polija<\/p>","protected":false},"excerpt":{"rendered":"<p>Manekena k\u0101rta izgatavota no put\u0101m, lieliski piem\u0113rota daudzpak\u0101pju k\u016bk\u0101m. Izm\u0113rs: 18*5cm Ra\u017eot\u0101js: Polija<\/p>","protected":false},"featured_media":6806,"template":"","meta":{"_seopress_robots_primary_cat":"","_seopress_titles_title":"","_seopress_titles_desc":"","_seopress_robots_index":""},"product_brand":[],"product_cat":[180,15,140],"product_tag":[],"class_list":{"0":"post-7709","1":"product","2":"type-product","3":"status-publish","4":"has-post-thumbnail","6":"product_cat-wedding-products","7":"product_cat-all-products","8":"product_cat-18cm","10":"first","11":"instock","12":"taxable","13":"shipping-taxable","14":"purchasable","15":"product-type-simple"},"_links":{"self":[{"href":"https:\/\/candeebaar.ee\/lv\/wp-json\/wp\/v2\/product\/7709","targetHints":{"allow":["GET"]}}],"collection":[{"href":"https:\/\/candeebaar.ee\/lv\/wp-json\/wp\/v2\/product"}],"about":[{"href":"https:\/\/candeebaar.ee\/lv\/wp-json\/wp\/v2\/types\/product"}],"version-history":[{"count":1,"href":"https:\/\/candeebaar.ee\/lv\/wp-json\/wp\/v2\/product\/7709\/revisions"}],"predecessor-version":[{"id":7710,"href":"https:\/\/candeebaar.ee\/lv\/wp-json\/wp\/v2\/product\/7709\/revisions\/7710"}],"wp:featuredmedia":[{"embeddable":true,"href":"https:\/\/candeebaar.ee\/lv\/wp-json\/wp\/v2\/media\/6806"}],"wp:attachment":[{"href":"https:\/\/candeebaar.ee\/lv\/wp-json\/wp\/v2\/media?parent=7709"}],"wp:term":[{"taxonomy":"product_brand","embeddable":true,"href":"https:\/\/candeebaar.ee\/lv\/wp-json\/wp\/v2\/product_brand?post=7709"},{"taxonomy":"product_cat","embeddable":true,"href":"https:\/\/candeebaar.ee\/lv\/wp-json\/wp\/v2\/product_cat?post=7709"},{"taxonomy":"product_tag","embeddable":true,"href":"https:\/\/candeebaar.ee\/lv\/wp-json\/wp\/v2\/product_tag?post=7709"}],"curies":[{"name":"wp","href":"https:\/\/api.w.org\/{rel}","templated":true}]}}